{"id":726,"date":"2025-03-25T09:06:11","date_gmt":"2025-03-25T08:06:11","guid":{"rendered":"https:\/\/www.fanpagekarma.com\/academy\/?page_id=726"},"modified":"2025-04-04T17:54:24","modified_gmt":"2025-04-04T15:54:24","slug":"discovery","status":"publish","type":"page","link":"https:\/\/www.fanpagekarma.com\/academy\/es\/discovery\/","title":{"rendered":"Discovery"},"content":{"rendered":"\n<h1 class=\"wp-block-heading wp-embed-aspect-16-9 wp-has-aspect-ratio\" style=\"padding-top:0;padding-bottom:0\">Discovery <\/h1>\n\n\n\n<div class=\"wp-block-uagb-container wp-embed-aspect-16-9 wp-has-aspect-ratio uagb-block-c63aa416 default uagb-is-root-container\">\n<div class=\"wp-block-uagb-container uagb-block-7802a8fe\">\n<figure class=\"wp-block-embed is-type-video is-provider-youtube wp-block-embed-youtube wp-embed-aspect-16-9 wp-has-aspect-ratio\"><div class=\"wp-block-embed__wrapper\">\n<iframe loading=\"lazy\" title=\"Detalles de perfiles en Discovery\" width=\"500\" height=\"281\" src=\"https:\/\/www.youtube.com\/embed\/j1zHHwDa4uA?feature=oembed\" frameborder=\"0\" allow=\"accelerometer; autoplay; clipboard-write; encrypted-media; gyroscope; picture-in-picture; web-share\" referrerpolicy=\"strict-origin-when-cross-origin\" allowfullscreen><\/iframe>\n<\/div><\/figure>\n\n\n\n<div class=\"wp-block-uagb-container uagb-block-0b1e48ee\">\n<h2 class=\"wp-block-heading wp-embed-aspect-16-9 wp-has-aspect-ratio\">Detalles de Perfiles en Discovery<\/h2>\n\n\n\n<p class=\"wp-embed-aspect-16-9 wp-has-aspect-ratio\">En este primer v\u00eddeo aprender\u00e1s c\u00f3mo explorar y descubrir informaci\u00f3n detallada sobre cualquier perfil.<\/p>\n<\/div>\n<\/div>\n\n\n\n<div class=\"wp-block-uagb-container uagb-block-838b4c86\">\n<figure class=\"wp-block-embed is-type-video is-provider-youtube wp-block-embed-youtube wp-embed-aspect-16-9 wp-has-aspect-ratio\"><div class=\"wp-block-embed__wrapper\">\n<iframe loading=\"lazy\" title=\"B\u00fasqueda de publicaciones en Discovery\" width=\"500\" height=\"281\" src=\"https:\/\/www.youtube.com\/embed\/SQud7tfB-1w?feature=oembed\" frameborder=\"0\" allow=\"accelerometer; autoplay; clipboard-write; encrypted-media; gyroscope; picture-in-picture; web-share\" referrerpolicy=\"strict-origin-when-cross-origin\" allowfullscreen><\/iframe>\n<\/div><\/figure>\n\n\n\n<div class=\"wp-block-uagb-container uagb-block-b41507d9\">\n<h2 class=\"wp-block-heading wp-embed-aspect-16-9 wp-has-aspect-ratio\">B\u00fasqueda de Publicaciones en Discovery<\/h2>\n\n\n\n<p class=\"wp-embed-aspect-16-9 wp-has-aspect-ratio\">Aprender\u00e1s a realizar b\u00fasquedas en nuestra base de datos para encontrar publicaciones relacionadas con t\u00e9rminos espec\u00edficos o hashtags en un per\u00edodo de tiempo definido.<\/p>\n<\/div>\n<\/div>\n<\/div>\n\n\n\n<div class=\"wp-block-uagb-container wp-embed-aspect-16-9 wp-has-aspect-ratio uagb-block-ce564c42 default uagb-is-root-container\">\n<div class=\"wp-block-uagb-container uagb-block-848bc8d4\">\n<figure class=\"wp-block-embed is-type-video is-provider-youtube wp-block-embed-youtube wp-embed-aspect-16-9 wp-has-aspect-ratio\"><div class=\"wp-block-embed__wrapper\">\n<iframe loading=\"lazy\" title=\"Analizar temas con discovery de Fanpage Karma\" width=\"500\" height=\"281\" src=\"https:\/\/www.youtube.com\/embed\/OfgipFRssdM?feature=oembed\" frameborder=\"0\" allow=\"accelerometer; autoplay; clipboard-write; encrypted-media; gyroscope; picture-in-picture; web-share\" referrerpolicy=\"strict-origin-when-cross-origin\" allowfullscreen><\/iframe>\n<\/div><\/figure>\n\n\n\n<div class=\"wp-block-uagb-container uagb-block-3293d6c1\">\n<h2 class=\"wp-block-heading wp-embed-aspect-16-9 wp-has-aspect-ratio\">Analizar temas con Discovery<\/h2>\n\n\n\n<p class=\"wp-embed-aspect-16-9 wp-has-aspect-ratio\">Con este v\u00eddeo tendr\u00e1s la posibilidad de analizar temas en profundidad, lo que te permitir\u00e1 obtener valiosos insights sobre industrias, marcas o temas de inter\u00e9s general.&nbsp;<\/p>\n<\/div>\n<\/div>\n\n\n\n<div class=\"wp-block-uagb-container uagb-block-1312b715\">\n<figure class=\"wp-block-embed is-type-video is-provider-youtube wp-block-embed-youtube wp-embed-aspect-16-9 wp-has-aspect-ratio\"><div class=\"wp-block-embed__wrapper\">\n<iframe loading=\"lazy\" title=\"B\u00fasqueda de influencers de Fanpage Karma\" width=\"500\" height=\"281\" src=\"https:\/\/www.youtube.com\/embed\/qIlghUSPtF4?feature=oembed\" frameborder=\"0\" allow=\"accelerometer; autoplay; clipboard-write; encrypted-media; gyroscope; picture-in-picture; web-share\" referrerpolicy=\"strict-origin-when-cross-origin\" allowfullscreen><\/iframe>\n<\/div><\/figure>\n\n\n\n<div class=\"wp-block-uagb-container uagb-block-68643a6b\">\n<h2 class=\"wp-block-heading wp-embed-aspect-16-9 wp-has-aspect-ratio\">B\u00fasqueda de influencers con Discovery<\/h2>\n\n\n\n<p class=\"wp-embed-aspect-16-9 wp-has-aspect-ratio\">En este \u00faltimo v\u00eddeo aprender\u00e1s como identificar influencers ideales para temas espec\u00edficos, con opciones de filtrado por idioma, tama\u00f1o y pa\u00eds.&nbsp;<\/p>\n<\/div>\n<\/div>\n<\/div>\n\n\n\n<div class=\"wp-block-uagb-container wp-embed-aspect-16-9 wp-has-aspect-ratio uagb-block-66950df6 default uagb-is-root-container\">\n<div class=\"wp-block-uagb-container uagb-block-28024c9f\">\n<div class=\"wp-block-uagb-image uagb-block-87da954e wp-block-uagb-image--layout-default wp-block-uagb-image--effect-static wp-block-uagb-image--align-none\"><figure class=\"wp-block-uagb-image__figure\"><img decoding=\"async\" srcset=\"https:\/\/www.fanpagekarma.com\/academy\/wp-content\/uploads\/sites\/3\/2025\/04\/discovery-save-time-ES.jpg ,https:\/\/www.fanpagekarma.com\/academy\/wp-content\/uploads\/sites\/3\/2025\/04\/discovery-save-time-ES.jpg 780w, https:\/\/www.fanpagekarma.com\/academy\/wp-content\/uploads\/sites\/3\/2025\/04\/discovery-save-time-ES.jpg 360w\" sizes=\"auto, (max-width: 480px) 150px\" src=\"https:\/\/www.fanpagekarma.com\/academy\/wp-content\/uploads\/sites\/3\/2025\/04\/discovery-save-time-ES.jpg\" alt=\"\" class=\"uag-image-1576\" width=\"867\" height=\"489\" title=\"discovery-save-time-ES\" loading=\"lazy\" role=\"img\"\/><\/figure><\/div>\n\n\n\n<div class=\"wp-block-uagb-container uagb-block-ae89d711\">\n<h2 class=\"wp-block-heading wp-embed-aspect-16-9 wp-has-aspect-ratio\">Reduce tu carga de trabajo a la mitad con Fanpage Karma<\/h2>\n\n\n\n<p class=\"wp-embed-aspect-16-9 wp-has-aspect-ratio\">Sabemos que la gesti\u00f3n de las redes sociales es algo m\u00e1s que publicar contenido: tambi\u00e9n tienes&#8230;<\/p>\n\n\n\n<div class=\"wp-block-uagb-buttons uagb-buttons__outer-wrap uagb-btn__default-btn uagb-btn-tablet__default-btn uagb-btn-mobile__default-btn uagb-block-e3544591\"><div class=\"uagb-buttons__wrap uagb-buttons-layout-wrap \">\n<div class=\"wp-block-uagb-buttons-child uagb-buttons__outer-wrap uagb-block-939616a0 wp-block-button\"><div class=\"uagb-button__wrapper\"><a class=\"uagb-buttons-repeater wp-block-button__link\" aria-label=\"\" href=\"https:\/\/www.fanpagekarma.com\/academy\/es\/reduce-tu-carga-de-trabajo-a-la-mitad#discovery\" rel=\"follow noopener\" target=\"_self\" role=\"button\"><div class=\"uagb-button__link\">Leer m\u00e1s<\/div><\/a><\/div><\/div>\n<\/div><\/div>\n<\/div>\n<a class=\"spectra-container-link-overlay\" rel=\"noopener\" href=\"https:\/\/www.fanpagekarma.com\/academy\/es\/reduce-tu-carga-de-trabajo-a-la-mitad#discovery\"> <\/a><\/div>\n\n\n\n<div class=\"wp-block-uagb-container uagb-block-130e4b30\"><\/div>\n<\/div>\n","protected":false},"excerpt":{"rendered":"<p>Discovery Detalles de Perfiles en Discovery En este primer v\u00eddeo aprender\u00e1s c\u00f3mo explorar y descubrir informaci\u00f3n detallada sobre cualquier perfil. [&hellip;]<\/p>\n","protected":false},"author":7,"featured_media":0,"parent":0,"menu_order":0,"comment_status":"closed","ping_status":"closed","template":"","meta":{"_uag_custom_page_level_css":"","site-sidebar-layout":"default","site-content-layout":"","ast-site-content-layout":"default","site-content-style":"default","site-sidebar-style":"default","ast-global-header-display":"","ast-banner-title-visibility":"","ast-main-header-display":"","ast-hfb-above-header-display":"","ast-hfb-below-header-display":"","ast-hfb-mobile-header-display":"","site-post-title":"","ast-breadcrumbs-content":"","ast-featured-img":"","footer-sml-layout":"","ast-disable-related-posts":"","theme-transparent-header-meta":"","adv-header-id-meta":"","stick-header-meta":"","header-above-stick-meta":"","header-main-stick-meta":"","header-below-stick-meta":"","astra-migrate-meta-layouts":"default","ast-page-background-enabled":"default","ast-page-background-meta":{"desktop":{"background-color":"var(--ast-global-color-4)","background-image":"","background-repeat":"repeat","background-position":"center center","background-size":"auto","background-attachment":"scroll","background-type":"","background-media":"","overlay-type":"","overlay-color":"","overlay-opacity":"","overlay-gradient":""},"tablet":{"background-color":"","background-image":"","background-repeat":"repeat","background-position":"center center","background-size":"auto","background-attachment":"scroll","background-type":"","background-media":"","overlay-type":"","overlay-color":"","overlay-opacity":"","overlay-gradient":""},"mobile":{"background-color":"","background-image":"","background-repeat":"repeat","background-position":"center center","background-size":"auto","background-attachment":"scroll","background-type":"","background-media":"","overlay-type":"","overlay-color":"","overlay-opacity":"","overlay-gradient":""}},"ast-content-background-meta":{"desktop":{"background-color":"var(--ast-global-color-5)","background-image":"","background-repeat":"repeat","background-position":"center center","background-size":"auto","background-attachment":"scroll","background-type":"","background-media":"","overlay-type":"","overlay-color":"","overlay-opacity":"","overlay-gradient":""},"tablet":{"background-color":"var(--ast-global-color-5)","background-image":"","background-repeat":"repeat","background-position":"center center","background-size":"auto","background-attachment":"scroll","background-type":"","background-media":"","overlay-type":"","overlay-color":"","overlay-opacity":"","overlay-gradient":""},"mobile":{"background-color":"var(--ast-global-color-5)","background-image":"","background-repeat":"repeat","background-position":"center center","background-size":"auto","background-attachment":"scroll","background-type":"","background-media":"","overlay-type":"","overlay-color":"","overlay-opacity":"","overlay-gradient":""}},"footnotes":""},"categories":[71],"class_list":["post-726","page","type-page","status-publish","hentry","category-discovery"],"lang":"es","translations":{"es":726,"en":724,"de":722},"uagb_featured_image_src":{"full":false,"thumbnail":false,"medium":false,"medium_large":false,"large":false,"1536x1536":false,"2048x2048":false},"uagb_author_info":{"display_name":"Julia Le\u00f3n","author_link":"https:\/\/www.fanpagekarma.com\/academy\/author\/julia\/"},"uagb_comment_info":0,"uagb_excerpt":"Discovery Detalles de Perfiles en Discovery En este primer v\u00eddeo aprender\u00e1s c\u00f3mo explorar y descubrir informaci\u00f3n detallada sobre cualquier perfil. [&hellip;]","pll_sync_post":[],"_links":{"self":[{"href":"https:\/\/www.fanpagekarma.com\/academy\/wp-json\/wp\/v2\/pages\/726","targetHints":{"allow":["GET"]}}],"collection":[{"href":"https:\/\/www.fanpagekarma.com\/academy\/wp-json\/wp\/v2\/pages"}],"about":[{"href":"https:\/\/www.fanpagekarma.com\/academy\/wp-json\/wp\/v2\/types\/page"}],"author":[{"embeddable":true,"href":"https:\/\/www.fanpagekarma.com\/academy\/wp-json\/wp\/v2\/users\/7"}],"replies":[{"embeddable":true,"href":"https:\/\/www.fanpagekarma.com\/academy\/wp-json\/wp\/v2\/comments?post=726"}],"version-history":[{"count":43,"href":"https:\/\/www.fanpagekarma.com\/academy\/wp-json\/wp\/v2\/pages\/726\/revisions"}],"predecessor-version":[{"id":1640,"href":"https:\/\/www.fanpagekarma.com\/academy\/wp-json\/wp\/v2\/pages\/726\/revisions\/1640"}],"wp:attachment":[{"href":"https:\/\/www.fanpagekarma.com\/academy\/wp-json\/wp\/v2\/media?parent=726"}],"wp:term":[{"taxonomy":"category","embeddable":true,"href":"https:\/\/www.fanpagekarma.com\/academy\/wp-json\/wp\/v2\/categories?post=726"}],"curies":[{"name":"wp","href":"https:\/\/api.w.org\/{rel}","templated":true}]}}