{"id":722,"date":"2025-03-25T10:22:09","date_gmt":"2025-03-25T09:22:09","guid":{"rendered":"https:\/\/www.fanpagekarma.com\/academy\/?page_id=722"},"modified":"2025-04-03T11:25:35","modified_gmt":"2025-04-03T09:25:35","slug":"discovery","status":"publish","type":"page","link":"https:\/\/www.fanpagekarma.com\/academy\/de\/discovery\/","title":{"rendered":"Discovery"},"content":{"rendered":"\n<h1 class=\"wp-block-heading wp-embed-aspect-16-9 wp-has-aspect-ratio\" style=\"padding-top:0;padding-bottom:0\">Discovery <\/h1>\n\n\n\n<div class=\"wp-block-uagb-container wp-embed-aspect-16-9 wp-has-aspect-ratio uagb-block-c63aa416 default uagb-is-root-container\">\n<div class=\"wp-block-uagb-container uagb-block-7802a8fe\">\n<figure class=\"wp-block-embed is-type-video is-provider-youtube wp-block-embed-youtube wp-embed-aspect-16-9 wp-has-aspect-ratio\"><div class=\"wp-block-embed__wrapper\">\n<iframe loading=\"lazy\" title=\"Profil-Details in Discovery von Fanpage Karma\" width=\"500\" height=\"281\" src=\"https:\/\/www.youtube.com\/embed\/JRMNeSzvJOw?feature=oembed\" frameborder=\"0\" allow=\"accelerometer; autoplay; clipboard-write; encrypted-media; gyroscope; picture-in-picture; web-share\" referrerpolicy=\"strict-origin-when-cross-origin\" allowfullscreen><\/iframe>\n<\/div><\/figure>\n\n\n\n<div class=\"wp-block-uagb-container uagb-block-0b1e48ee\">\n<h2 class=\"wp-block-heading wp-embed-aspect-16-9 wp-has-aspect-ratio\">Profil-Details in Discovery<\/h2>\n\n\n\n<p class=\"wp-embed-aspect-16-9 wp-has-aspect-ratio\">In diesem ersten Video erf\u00e4hrst du, wie du detaillierte Informationen zu jedem Profil erkunden und entdecken kannst.<\/p>\n<\/div>\n<\/div>\n\n\n\n<div class=\"wp-block-uagb-container uagb-block-838b4c86\">\n<figure class=\"wp-block-embed is-type-video is-provider-youtube wp-block-embed-youtube wp-embed-aspect-16-9 wp-has-aspect-ratio\"><div class=\"wp-block-embed__wrapper\">\n<iframe loading=\"lazy\" title=\"Post-Suche in Discovery von Fanpage Karma\" width=\"500\" height=\"281\" src=\"https:\/\/www.youtube.com\/embed\/CE5tbRLEbTY?feature=oembed\" frameborder=\"0\" allow=\"accelerometer; autoplay; clipboard-write; encrypted-media; gyroscope; picture-in-picture; web-share\" referrerpolicy=\"strict-origin-when-cross-origin\" allowfullscreen><\/iframe>\n<\/div><\/figure>\n\n\n\n<div class=\"wp-block-uagb-container uagb-block-b41507d9\">\n<h2 class=\"wp-block-heading\">Post-Suche in Discovery<\/h2>\n\n\n\n<p>Du lernst, wie du unsere Datenbank durchsuchen kannst, um Ver\u00f6ffentlichungen zu bestimmten Begriffen oder Hashtags in einem bestimmten Zeitraum zu finden.<\/p>\n<\/div>\n<\/div>\n<\/div>\n\n\n\n<div class=\"wp-block-uagb-container wp-embed-aspect-16-9 wp-has-aspect-ratio uagb-block-ce564c42 default uagb-is-root-container\">\n<div class=\"wp-block-uagb-container uagb-block-848bc8d4\">\n<figure class=\"wp-block-embed is-type-video is-provider-youtube wp-block-embed-youtube wp-embed-aspect-16-9 wp-has-aspect-ratio\"><div class=\"wp-block-embed__wrapper\">\n<iframe loading=\"lazy\" title=\"Themen Analysieren in Discovery von Fanpage Karma\" width=\"500\" height=\"281\" src=\"https:\/\/www.youtube.com\/embed\/n7u5MlB1fjw?feature=oembed\" frameborder=\"0\" allow=\"accelerometer; autoplay; clipboard-write; encrypted-media; gyroscope; picture-in-picture; web-share\" referrerpolicy=\"strict-origin-when-cross-origin\" allowfullscreen><\/iframe>\n<\/div><\/figure>\n\n\n\n<div class=\"wp-block-uagb-container uagb-block-3293d6c1\">\n<h2 class=\"wp-block-heading wp-embed-aspect-16-9 wp-has-aspect-ratio\">Themen analysieren in Discovery<\/h2>\n\n\n\n<p class=\"wp-embed-aspect-16-9 wp-has-aspect-ratio\">Mit diesem Video hast du die M\u00f6glichkeit, Themen eingehend zu analysieren, wodurch du wertvolle Einblicke in Branchen, Marken oder Themen von allgemeinem Interesse gewinnen kannst.<\/p>\n<\/div>\n<\/div>\n\n\n\n<div class=\"wp-block-uagb-container uagb-block-1312b715\">\n<figure class=\"wp-block-embed is-type-video is-provider-youtube wp-block-embed-youtube wp-embed-aspect-16-9 wp-has-aspect-ratio\"><div class=\"wp-block-embed__wrapper\">\n<iframe loading=\"lazy\" title=\"Influencer Finden in Discovery von Fanpage Karma\" width=\"500\" height=\"281\" src=\"https:\/\/www.youtube.com\/embed\/Y1keu3v8GP8?feature=oembed\" frameborder=\"0\" allow=\"accelerometer; autoplay; clipboard-write; encrypted-media; gyroscope; picture-in-picture; web-share\" referrerpolicy=\"strict-origin-when-cross-origin\" allowfullscreen><\/iframe>\n<\/div><\/figure>\n\n\n\n<div class=\"wp-block-uagb-container uagb-block-68643a6b\">\n<h2 class=\"wp-block-heading\">Influencer finden in Discovery<\/h2>\n\n\n\n<p>In diesem letzten Video lernst du, wie du die idealen Influencer f\u00fcr bestimmte Themen identifizieren kannst, mit Filterm\u00f6glichkeiten nach Sprache, Gr\u00f6\u00dfe und Land.<\/p>\n<\/div>\n<\/div>\n<\/div>\n\n\n\n<div class=\"wp-block-uagb-container wp-embed-aspect-16-9 wp-has-aspect-ratio uagb-block-66950df6 default uagb-is-root-container\">\n<div class=\"wp-block-uagb-container uagb-block-28024c9f\">\n<div class=\"wp-block-uagb-image uagb-block-87da954e wp-block-uagb-image--layout-default wp-block-uagb-image--effect-static wp-block-uagb-image--align-none\"><figure class=\"wp-block-uagb-image__figure\"><img decoding=\"async\" srcset=\"https:\/\/www.fanpagekarma.com\/academy\/wp-content\/uploads\/sites\/3\/2025\/04\/discovery-save-time-DE.jpg ,https:\/\/www.fanpagekarma.com\/academy\/wp-content\/uploads\/sites\/3\/2025\/04\/discovery-save-time-DE.jpg 780w, https:\/\/www.fanpagekarma.com\/academy\/wp-content\/uploads\/sites\/3\/2025\/04\/discovery-save-time-DE.jpg 360w\" sizes=\"auto, (max-width: 480px) 150px\" src=\"https:\/\/www.fanpagekarma.com\/academy\/wp-content\/uploads\/sites\/3\/2025\/04\/discovery-save-time-DE.jpg\" alt=\"\" class=\"uag-image-1574\" width=\"867\" height=\"489\" title=\"discovery-save-time-DE\" loading=\"lazy\" role=\"img\"\/><\/figure><\/div>\n\n\n\n<div class=\"wp-block-uagb-container uagb-block-ae89d711\">\n<h2 class=\"wp-block-heading wp-embed-aspect-16-9 wp-has-aspect-ratio\">Halbiere deinen Workload mit Fanpage Karma<\/h2>\n\n\n\n<p class=\"wp-embed-aspect-16-9 wp-has-aspect-ratio\">Wir wissen, dass Social Media Management mehr ist, als einfach nur Posts zu ver\u00f6ffentlichen &#8230;<\/p>\n\n\n\n<div class=\"wp-block-uagb-buttons uagb-buttons__outer-wrap uagb-btn__default-btn uagb-btn-tablet__default-btn uagb-btn-mobile__default-btn uagb-block-e3544591\"><div class=\"uagb-buttons__wrap uagb-buttons-layout-wrap \">\n<div class=\"wp-block-uagb-buttons-child uagb-buttons__outer-wrap uagb-block-939616a0 wp-block-button\"><div class=\"uagb-button__wrapper\"><a class=\"uagb-buttons-repeater wp-block-button__link\" aria-label=\"\" href=\"https:\/\/www.fanpagekarma.com\/academy\/de\/halbiere-deinen-workload#discovery\" rel=\"follow noopener\" target=\"_self\" role=\"button\"><div class=\"uagb-button__link\">Weiterlesen<\/div><\/a><\/div><\/div>\n<\/div><\/div>\n<\/div>\n<a class=\"spectra-container-link-overlay\" rel=\"noopener\" href=\"https:\/\/www.fanpagekarma.com\/academy\/de\/halbiere-deinen-workload#discovery\"> <\/a><\/div>\n\n\n\n<div class=\"wp-block-uagb-container uagb-block-130e4b30\"><\/div>\n<\/div>\n","protected":false},"excerpt":{"rendered":"<p>Discovery Profil-Details in Discovery In diesem ersten Video erf\u00e4hrst du, wie du detaillierte Informationen zu jedem Profil erkunden und entdecken [&hellip;]<\/p>\n","protected":false},"author":7,"featured_media":0,"parent":0,"menu_order":0,"comment_status":"closed","ping_status":"closed","template":"","meta":{"_uag_custom_page_level_css":"","site-sidebar-layout":"default","site-content-layout":"","ast-site-content-layout":"default","site-content-style":"default","site-sidebar-style":"default","ast-global-header-display":"","ast-banner-title-visibility":"","ast-main-header-display":"","ast-hfb-above-header-display":"","ast-hfb-below-header-display":"","ast-hfb-mobile-header-display":"","site-post-title":"","ast-breadcrumbs-content":"","ast-featured-img":"","footer-sml-layout":"","ast-disable-related-posts":"","theme-transparent-header-meta":"","adv-header-id-meta":"","stick-header-meta":"","header-above-stick-meta":"","header-main-stick-meta":"","header-below-stick-meta":"","astra-migrate-meta-layouts":"default","ast-page-background-enabled":"default","ast-page-background-meta":{"desktop":{"background-color":"var(--ast-global-color-4)","background-image":"","background-repeat":"repeat","background-position":"center center","background-size":"auto","background-attachment":"scroll","background-type":"","background-media":"","overlay-type":"","overlay-color":"","overlay-opacity":"","overlay-gradient":""},"tablet":{"background-color":"","background-image":"","background-repeat":"repeat","background-position":"center center","background-size":"auto","background-attachment":"scroll","background-type":"","background-media":"","overlay-type":"","overlay-color":"","overlay-opacity":"","overlay-gradient":""},"mobile":{"background-color":"","background-image":"","background-repeat":"repeat","background-position":"center center","background-size":"auto","background-attachment":"scroll","background-type":"","background-media":"","overlay-type":"","overlay-color":"","overlay-opacity":"","overlay-gradient":""}},"ast-content-background-meta":{"desktop":{"background-color":"var(--ast-global-color-5)","background-image":"","background-repeat":"repeat","background-position":"center center","background-size":"auto","background-attachment":"scroll","background-type":"","background-media":"","overlay-type":"","overlay-color":"","overlay-opacity":"","overlay-gradient":""},"tablet":{"background-color":"var(--ast-global-color-5)","background-image":"","background-repeat":"repeat","background-position":"center center","background-size":"auto","background-attachment":"scroll","background-type":"","background-media":"","overlay-type":"","overlay-color":"","overlay-opacity":"","overlay-gradient":""},"mobile":{"background-color":"var(--ast-global-color-5)","background-image":"","background-repeat":"repeat","background-position":"center center","background-size":"auto","background-attachment":"scroll","background-type":"","background-media":"","overlay-type":"","overlay-color":"","overlay-opacity":"","overlay-gradient":""}},"footnotes":""},"categories":[],"class_list":["post-722","page","type-page","status-publish","hentry"],"lang":"de","translations":{"de":722,"en":724,"es":726},"uagb_featured_image_src":{"full":false,"thumbnail":false,"medium":false,"medium_large":false,"large":false,"1536x1536":false,"2048x2048":false},"uagb_author_info":{"display_name":"Julia Le\u00f3n","author_link":"https:\/\/www.fanpagekarma.com\/academy\/author\/julia\/"},"uagb_comment_info":0,"uagb_excerpt":"Discovery Profil-Details in Discovery In diesem ersten Video erf\u00e4hrst du, wie du detaillierte Informationen zu jedem Profil erkunden und entdecken [&hellip;]","pll_sync_post":[],"_links":{"self":[{"href":"https:\/\/www.fanpagekarma.com\/academy\/wp-json\/wp\/v2\/pages\/722","targetHints":{"allow":["GET"]}}],"collection":[{"href":"https:\/\/www.fanpagekarma.com\/academy\/wp-json\/wp\/v2\/pages"}],"about":[{"href":"https:\/\/www.fanpagekarma.com\/academy\/wp-json\/wp\/v2\/types\/page"}],"author":[{"embeddable":true,"href":"https:\/\/www.fanpagekarma.com\/academy\/wp-json\/wp\/v2\/users\/7"}],"replies":[{"embeddable":true,"href":"https:\/\/www.fanpagekarma.com\/academy\/wp-json\/wp\/v2\/comments?post=722"}],"version-history":[{"count":37,"href":"https:\/\/www.fanpagekarma.com\/academy\/wp-json\/wp\/v2\/pages\/722\/revisions"}],"predecessor-version":[{"id":1608,"href":"https:\/\/www.fanpagekarma.com\/academy\/wp-json\/wp\/v2\/pages\/722\/revisions\/1608"}],"wp:attachment":[{"href":"https:\/\/www.fanpagekarma.com\/academy\/wp-json\/wp\/v2\/media?parent=722"}],"wp:term":[{"taxonomy":"category","embeddable":true,"href":"https:\/\/www.fanpagekarma.com\/academy\/wp-json\/wp\/v2\/categories?post=722"}],"curies":[{"name":"wp","href":"https:\/\/api.w.org\/{rel}","templated":true}]}}