{"id":708,"date":"2025-03-25T10:28:16","date_gmt":"2025-03-25T09:28:16","guid":{"rendered":"https:\/\/www.fanpagekarma.com\/academy\/?page_id=708"},"modified":"2025-04-04T17:50:00","modified_gmt":"2025-04-04T15:50:00","slug":"publish","status":"publish","type":"page","link":"https:\/\/www.fanpagekarma.com\/academy\/es\/publish\/","title":{"rendered":"Publish"},"content":{"rendered":"\n<h1 class=\"wp-block-heading\" style=\"padding-top:0;padding-bottom:0\">Publish<br><\/h1>\n\n\n\n<div class=\"wp-block-uagb-container uagb-block-c63aa416 default uagb-is-root-container\">\n<div class=\"wp-block-uagb-container uagb-block-838b4c86\">\n<figure class=\"wp-block-embed is-type-video is-provider-youtube wp-block-embed-youtube wp-embed-aspect-16-9 wp-has-aspect-ratio\"><div class=\"wp-block-embed__wrapper\">\n<iframe loading=\"lazy\" title=\"Vista general de Publish\" width=\"500\" height=\"281\" src=\"https:\/\/www.youtube.com\/embed\/ze0hVkNt6lc?feature=oembed\" frameborder=\"0\" allow=\"accelerometer; autoplay; clipboard-write; encrypted-media; gyroscope; picture-in-picture; web-share\" referrerpolicy=\"strict-origin-when-cross-origin\" allowfullscreen><\/iframe>\n<\/div><\/figure>\n\n\n\n<div class=\"wp-block-uagb-container uagb-block-b41507d9\">\n<h2 class=\"wp-block-heading\">Vista general de Publish<\/h2>\n\n\n\n<p class=\"wp-embed-aspect-16-9 wp-has-aspect-ratio\">En este v\u00eddeo te ense\u00f1amos c\u00f3mo desde la secci\u00f3n de Publish de Fanpage Karma puedes planear tus publicaciones y publicarlas autom\u00e1ticamente.<\/p>\n<\/div>\n<\/div>\n\n\n\n<div class=\"wp-block-uagb-container uagb-block-7802a8fe\">\n<figure class=\"wp-block-embed is-type-video is-provider-youtube wp-block-embed-youtube wp-embed-aspect-16-9 wp-has-aspect-ratio\"><div class=\"wp-block-embed__wrapper\">\n<iframe loading=\"lazy\" title=\"Ajustes de Publish de Fanpage Karma\" width=\"500\" height=\"281\" src=\"https:\/\/www.youtube.com\/embed\/fPg4Vxi4UpU?feature=oembed\" frameborder=\"0\" allow=\"accelerometer; autoplay; clipboard-write; encrypted-media; gyroscope; picture-in-picture; web-share\" referrerpolicy=\"strict-origin-when-cross-origin\" allowfullscreen><\/iframe>\n<\/div><\/figure>\n\n\n\n<div class=\"wp-block-uagb-container uagb-block-0b1e48ee\">\n<h2 class=\"wp-block-heading wp-embed-aspect-16-9 wp-has-aspect-ratio\">Ajustes de Publish<\/h2>\n\n\n\n<p class=\"wp-embed-aspect-16-9 wp-has-aspect-ratio\">En este v\u00eddeo aprenderemos c\u00f3mo configurar los ajustes de Publish.&nbsp;<\/p>\n<\/div>\n<\/div>\n<\/div>\n\n\n\n<div class=\"wp-block-uagb-container wp-embed-aspect-16-9 wp-has-aspect-ratio uagb-block-66950df6 default uagb-is-root-container\">\n<div class=\"wp-block-uagb-container uagb-block-28024c9f\">\n<div class=\"wp-block-uagb-image uagb-block-87da954e wp-block-uagb-image--layout-default wp-block-uagb-image--effect-static wp-block-uagb-image--align-none\"><figure class=\"wp-block-uagb-image__figure\"><img decoding=\"async\" srcset=\"https:\/\/www.fanpagekarma.com\/academy\/wp-content\/uploads\/sites\/3\/2025\/04\/publish-save-time-ES.jpg ,https:\/\/www.fanpagekarma.com\/academy\/wp-content\/uploads\/sites\/3\/2025\/04\/publish-save-time-ES.jpg 780w, https:\/\/www.fanpagekarma.com\/academy\/wp-content\/uploads\/sites\/3\/2025\/04\/publish-save-time-ES.jpg 360w\" sizes=\"auto, (max-width: 480px) 150px\" src=\"https:\/\/www.fanpagekarma.com\/academy\/wp-content\/uploads\/sites\/3\/2025\/04\/publish-save-time-ES.jpg\" alt=\"\" class=\"uag-image-1585\" width=\"423\" height=\"238\" title=\"publish-save-time-ES\" loading=\"lazy\" role=\"img\"\/><\/figure><\/div>\n\n\n\n<div class=\"wp-block-uagb-container uagb-block-ae89d711\">\n<h2 class=\"wp-block-heading wp-embed-aspect-16-9 wp-has-aspect-ratio\">Reduce tu carga de trabajo a la mitad con Fanpage Karma<\/h2>\n\n\n\n<p class=\"wp-embed-aspect-16-9 wp-has-aspect-ratio\">Sabemos que la gesti\u00f3n de las redes sociales es algo m\u00e1s que publicar contenido: tambi\u00e9n tienes&#8230;<\/p>\n\n\n\n<div class=\"wp-block-uagb-buttons uagb-buttons__outer-wrap uagb-btn__default-btn uagb-btn-tablet__default-btn uagb-btn-mobile__default-btn uagb-block-e3544591\"><div class=\"uagb-buttons__wrap uagb-buttons-layout-wrap \">\n<div class=\"wp-block-uagb-buttons-child uagb-buttons__outer-wrap uagb-block-939616a0 wp-block-button\"><div class=\"uagb-button__wrapper\"><a class=\"uagb-buttons-repeater wp-block-button__link\" aria-label=\"\" href=\"https:\/\/www.fanpagekarma.com\/academy\/es\/reduce-tu-carga-de-trabajo-a-la-mitad#publish\" rel=\"follow noopener\" target=\"_self\" role=\"button\"><div class=\"uagb-button__link\">Leer m\u00e1s<\/div><\/a><\/div><\/div>\n<\/div><\/div>\n<\/div>\n<a class=\"spectra-container-link-overlay\" rel=\"noopener\" href=\"https:\/\/www.fanpagekarma.com\/academy\/es\/reduce-tu-carga-de-trabajo-a-la-mitad#publish\"> <\/a><\/div>\n\n\n\n<div class=\"wp-block-uagb-container uagb-block-46fbce9f\">\n<div class=\"wp-block-uagb-image uagb-block-e90ce517 wp-block-uagb-image--layout-default wp-block-uagb-image--effect-static wp-block-uagb-image--align-none\"><figure class=\"wp-block-uagb-image__figure\"><img decoding=\"async\" srcset=\"https:\/\/www.fanpagekarma.com\/academy\/wp-content\/uploads\/sites\/3\/2025\/04\/formats-ES.jpg ,https:\/\/www.fanpagekarma.com\/academy\/wp-content\/uploads\/sites\/3\/2025\/04\/formats-ES.jpg 780w, https:\/\/www.fanpagekarma.com\/academy\/wp-content\/uploads\/sites\/3\/2025\/04\/formats-ES.jpg 360w\" sizes=\"auto, (max-width: 480px) 150px\" src=\"https:\/\/www.fanpagekarma.com\/academy\/wp-content\/uploads\/sites\/3\/2025\/04\/formats-ES.jpg\" alt=\"\" class=\"uag-image-1582\" width=\"867\" height=\"489\" title=\"formats-ES\" loading=\"lazy\" role=\"img\"\/><\/figure><\/div>\n\n\n\n<div class=\"wp-block-uagb-container uagb-block-58f95de6\">\n<h2 class=\"wp-block-heading wp-embed-aspect-16-9 wp-has-aspect-ratio\">Formatos permitidos en redes sociales seg\u00fan Fanpage Karma<\/h2>\n\n\n\n<p class=\"wp-embed-aspect-16-9 wp-has-aspect-ratio\">Cuando se trata de subir contenido visual como im\u00e1genes y videos a redes sociales, cada&#8230;<\/p>\n\n\n\n<div class=\"wp-block-uagb-buttons uagb-buttons__outer-wrap uagb-btn__default-btn uagb-btn-tablet__default-btn uagb-btn-mobile__default-btn uagb-block-b0d4f827\"><div class=\"uagb-buttons__wrap uagb-buttons-layout-wrap \">\n<div class=\"wp-block-uagb-buttons-child uagb-buttons__outer-wrap uagb-block-c079828e wp-block-button\"><div class=\"uagb-button__wrapper\"><a class=\"uagb-buttons-repeater wp-block-button__link\" aria-label=\"\" href=\"https:\/\/www.fanpagekarma.com\/academy\/es\/formatos-permitidos-en-redes-sociales-segun-fanpage-karma\/\" rel=\"follow noopener\" target=\"_self\" role=\"button\"><div class=\"uagb-button__link\">Leer m\u00e1s<\/div><\/a><\/div><\/div>\n<\/div><\/div>\n<\/div>\n<a class=\"spectra-container-link-overlay\" rel=\"noopener\" href=\"https:\/\/www.fanpagekarma.com\/academy\/es\/formatos-permitidos-en-redes-sociales-segun-fanpage-karma\/\"> <\/a><\/div>\n<\/div>\n","protected":false},"excerpt":{"rendered":"<p>Publish Vista general de Publish En este v\u00eddeo te ense\u00f1amos c\u00f3mo desde la secci\u00f3n de Publish de Fanpage Karma puedes [&hellip;]<\/p>\n","protected":false},"author":7,"featured_media":0,"parent":0,"menu_order":0,"comment_status":"closed","ping_status":"closed","template":"","meta":{"_uag_custom_page_level_css":"","site-sidebar-layout":"default","site-content-layout":"","ast-site-content-layout":"default","site-content-style":"default","site-sidebar-style":"default","ast-global-header-display":"","ast-banner-title-visibility":"","ast-main-header-display":"","ast-hfb-above-header-display":"","ast-hfb-below-header-display":"","ast-hfb-mobile-header-display":"","site-post-title":"disabled","ast-breadcrumbs-content":"","ast-featured-img":"","footer-sml-layout":"","ast-disable-related-posts":"","theme-transparent-header-meta":"","adv-header-id-meta":"","stick-header-meta":"","header-above-stick-meta":"","header-main-stick-meta":"","header-below-stick-meta":"","astra-migrate-meta-layouts":"default","ast-page-background-enabled":"default","ast-page-background-meta":{"desktop":{"background-color":"var(--ast-global-color-4)","background-image":"","background-repeat":"repeat","background-position":"center center","background-size":"auto","background-attachment":"scroll","background-type":"","background-media":"","overlay-type":"","overlay-color":"","overlay-opacity":"","overlay-gradient":""},"tablet":{"background-color":"","background-image":"","background-repeat":"repeat","background-position":"center center","background-size":"auto","background-attachment":"scroll","background-type":"","background-media":"","overlay-type":"","overlay-color":"","overlay-opacity":"","overlay-gradient":""},"mobile":{"background-color":"","background-image":"","background-repeat":"repeat","background-position":"center center","background-size":"auto","background-attachment":"scroll","background-type":"","background-media":"","overlay-type":"","overlay-color":"","overlay-opacity":"","overlay-gradient":""}},"ast-content-background-meta":{"desktop":{"background-color":"var(--ast-global-color-5)","background-image":"","background-repeat":"repeat","background-position":"center center","background-size":"auto","background-attachment":"scroll","background-type":"","background-media":"","overlay-type":"","overlay-color":"","overlay-opacity":"","overlay-gradient":""},"tablet":{"background-color":"var(--ast-global-color-5)","background-image":"","background-repeat":"repeat","background-position":"center center","background-size":"auto","background-attachment":"scroll","background-type":"","background-media":"","overlay-type":"","overlay-color":"","overlay-opacity":"","overlay-gradient":""},"mobile":{"background-color":"var(--ast-global-color-5)","background-image":"","background-repeat":"repeat","background-position":"center center","background-size":"auto","background-attachment":"scroll","background-type":"","background-media":"","overlay-type":"","overlay-color":"","overlay-opacity":"","overlay-gradient":""}},"footnotes":""},"categories":[67],"class_list":["post-708","page","type-page","status-publish","hentry","category-publish"],"lang":"es","translations":{"es":708,"en":706,"de":704},"uagb_featured_image_src":{"full":false,"thumbnail":false,"medium":false,"medium_large":false,"large":false,"1536x1536":false,"2048x2048":false},"uagb_author_info":{"display_name":"Julia Le\u00f3n","author_link":"https:\/\/www.fanpagekarma.com\/academy\/author\/julia\/"},"uagb_comment_info":0,"uagb_excerpt":"Publish Vista general de Publish En este v\u00eddeo te ense\u00f1amos c\u00f3mo desde la secci\u00f3n de Publish de Fanpage Karma puedes [&hellip;]","pll_sync_post":[],"_links":{"self":[{"href":"https:\/\/www.fanpagekarma.com\/academy\/wp-json\/wp\/v2\/pages\/708","targetHints":{"allow":["GET"]}}],"collection":[{"href":"https:\/\/www.fanpagekarma.com\/academy\/wp-json\/wp\/v2\/pages"}],"about":[{"href":"https:\/\/www.fanpagekarma.com\/academy\/wp-json\/wp\/v2\/types\/page"}],"author":[{"embeddable":true,"href":"https:\/\/www.fanpagekarma.com\/academy\/wp-json\/wp\/v2\/users\/7"}],"replies":[{"embeddable":true,"href":"https:\/\/www.fanpagekarma.com\/academy\/wp-json\/wp\/v2\/comments?post=708"}],"version-history":[{"count":12,"href":"https:\/\/www.fanpagekarma.com\/academy\/wp-json\/wp\/v2\/pages\/708\/revisions"}],"predecessor-version":[{"id":1638,"href":"https:\/\/www.fanpagekarma.com\/academy\/wp-json\/wp\/v2\/pages\/708\/revisions\/1638"}],"wp:attachment":[{"href":"https:\/\/www.fanpagekarma.com\/academy\/wp-json\/wp\/v2\/media?parent=708"}],"wp:term":[{"taxonomy":"category","embeddable":true,"href":"https:\/\/www.fanpagekarma.com\/academy\/wp-json\/wp\/v2\/categories?post=708"}],"curies":[{"name":"wp","href":"https:\/\/api.w.org\/{rel}","templated":true}]}}