{"id":704,"date":"2025-03-20T13:03:25","date_gmt":"2025-03-20T12:03:25","guid":{"rendered":"https:\/\/www.fanpagekarma.com\/academy\/?page_id=704"},"modified":"2025-04-04T17:49:07","modified_gmt":"2025-04-04T15:49:07","slug":"publish","status":"publish","type":"page","link":"https:\/\/www.fanpagekarma.com\/academy\/de\/publish\/","title":{"rendered":"Publish"},"content":{"rendered":"\n<h1 class=\"wp-block-heading\">Publish<\/h1>\n\n\n\n<div class=\"wp-block-uagb-container uagb-block-c63aa416 default uagb-is-root-container\">\n<div class=\"wp-block-uagb-container uagb-block-838b4c86\">\n<figure class=\"wp-block-embed is-type-video is-provider-youtube wp-block-embed-youtube wp-embed-aspect-16-9 wp-has-aspect-ratio\"><div class=\"wp-block-embed__wrapper\">\n<iframe loading=\"lazy\" title=\"\u00dcberblick von Publish\" width=\"500\" height=\"281\" src=\"https:\/\/www.youtube.com\/embed\/pasQUk7vyhg?feature=oembed\" frameborder=\"0\" allow=\"accelerometer; autoplay; clipboard-write; encrypted-media; gyroscope; picture-in-picture; web-share\" referrerpolicy=\"strict-origin-when-cross-origin\" allowfullscreen><\/iframe>\n<\/div><\/figure>\n\n\n\n<div class=\"wp-block-uagb-container uagb-block-b41507d9\">\n<h2 class=\"wp-block-heading wp-embed-aspect-16-9 wp-has-aspect-ratio\">\u00dcberblick \u00fcber Publish<\/h2>\n\n\n\n<p>In diesem Video zeigen wir dir, wie du in der Publish-Sektion von Fanpage Karma deine Beitr\u00e4ge planen und automatisch ver\u00f6ffentlichen kannst.<\/p>\n<\/div>\n<\/div>\n\n\n\n<div class=\"wp-block-uagb-container uagb-block-7802a8fe\">\n<figure class=\"wp-block-embed is-type-video is-provider-youtube wp-block-embed-youtube wp-embed-aspect-16-9 wp-has-aspect-ratio\"><div class=\"wp-block-embed__wrapper\">\n<iframe loading=\"lazy\" title=\"Einstellung von Publish\" width=\"500\" height=\"281\" src=\"https:\/\/www.youtube.com\/embed\/llWgUa1LjNc?feature=oembed\" frameborder=\"0\" allow=\"accelerometer; autoplay; clipboard-write; encrypted-media; gyroscope; picture-in-picture; web-share\" referrerpolicy=\"strict-origin-when-cross-origin\" allowfullscreen><\/iframe>\n<\/div><\/figure>\n\n\n\n<div class=\"wp-block-uagb-container uagb-block-0b1e48ee\">\n<h2 class=\"wp-block-heading wp-embed-aspect-16-9 wp-has-aspect-ratio\">Einstellungen von Publish<\/h2>\n\n\n\n<p>In diesem Video erf\u00e4hrst du, wie du die Einstellungen f\u00fcr Publish konfigurierst.<\/p>\n<\/div>\n<\/div>\n<\/div>\n\n\n\n<div class=\"wp-block-uagb-container wp-embed-aspect-16-9 wp-has-aspect-ratio uagb-block-66950df6 default uagb-is-root-container\">\n<div class=\"wp-block-uagb-container uagb-block-28024c9f\">\n<div class=\"wp-block-uagb-image uagb-block-87da954e wp-block-uagb-image--layout-default wp-block-uagb-image--effect-static wp-block-uagb-image--align-none\"><figure class=\"wp-block-uagb-image__figure\"><img decoding=\"async\" srcset=\"https:\/\/www.fanpagekarma.com\/academy\/wp-content\/uploads\/sites\/3\/2025\/04\/publish-save-time-DE.jpg ,https:\/\/www.fanpagekarma.com\/academy\/wp-content\/uploads\/sites\/3\/2025\/04\/publish-save-time-DE.jpg 780w, https:\/\/www.fanpagekarma.com\/academy\/wp-content\/uploads\/sites\/3\/2025\/04\/publish-save-time-DE.jpg 360w\" sizes=\"auto, (max-width: 480px) 150px\" src=\"https:\/\/www.fanpagekarma.com\/academy\/wp-content\/uploads\/sites\/3\/2025\/04\/publish-save-time-DE.jpg\" alt=\"\" class=\"uag-image-1583\" width=\"867\" height=\"489\" title=\"publish-save-time-DE\" loading=\"lazy\" role=\"img\"\/><\/figure><\/div>\n\n\n\n<div class=\"wp-block-uagb-container uagb-block-ae89d711\">\n<h2 class=\"wp-block-heading wp-embed-aspect-16-9 wp-has-aspect-ratio\">Halbiere deinen Workload mit Fanpage Karma<\/h2>\n\n\n\n<p class=\"wp-embed-aspect-16-9 wp-has-aspect-ratio\">Wir wissen, dass Social Media Management mehr ist, als einfach nur Posts zu ver\u00f6ffentlichen &#8230;<\/p>\n\n\n\n<div class=\"wp-block-uagb-buttons uagb-buttons__outer-wrap uagb-btn__default-btn uagb-btn-tablet__default-btn uagb-btn-mobile__default-btn uagb-block-e3544591\"><div class=\"uagb-buttons__wrap uagb-buttons-layout-wrap \">\n<div class=\"wp-block-uagb-buttons-child uagb-buttons__outer-wrap uagb-block-939616a0 wp-block-button\"><div class=\"uagb-button__wrapper\"><a class=\"uagb-buttons-repeater wp-block-button__link\" aria-label=\"\" href=\"https:\/\/www.fanpagekarma.com\/academy\/de\/halbiere-deinen-workload#publish\" rel=\"follow noopener\" target=\"_self\" role=\"button\"><div class=\"uagb-button__link\">Weiterlesen<\/div><\/a><\/div><\/div>\n<\/div><\/div>\n<\/div>\n<a class=\"spectra-container-link-overlay\" rel=\"noopener\" href=\"https:\/\/www.fanpagekarma.com\/academy\/de\/halbiere-deinen-workload#publish\"> <\/a><\/div>\n\n\n\n<div class=\"wp-block-uagb-container uagb-block-46fbce9f\">\n<div class=\"wp-block-uagb-image uagb-block-e90ce517 wp-block-uagb-image--layout-default wp-block-uagb-image--effect-static wp-block-uagb-image--align-none\"><figure class=\"wp-block-uagb-image__figure\"><img decoding=\"async\" srcset=\"https:\/\/www.fanpagekarma.com\/academy\/wp-content\/uploads\/sites\/3\/2025\/04\/formats-DE.jpg ,https:\/\/www.fanpagekarma.com\/academy\/wp-content\/uploads\/sites\/3\/2025\/04\/formats-DE.jpg 780w, https:\/\/www.fanpagekarma.com\/academy\/wp-content\/uploads\/sites\/3\/2025\/04\/formats-DE.jpg 360w\" sizes=\"auto, (max-width: 480px) 150px\" src=\"https:\/\/www.fanpagekarma.com\/academy\/wp-content\/uploads\/sites\/3\/2025\/04\/formats-DE.jpg\" alt=\"\" class=\"uag-image-1580\" width=\"867\" height=\"489\" title=\"formats-DE\" loading=\"lazy\" role=\"img\"\/><\/figure><\/div>\n\n\n\n<div class=\"wp-block-uagb-container uagb-block-58f95de6\">\n<h2 class=\"wp-block-heading wp-embed-aspect-16-9 wp-has-aspect-ratio\">Erlaubte Formate in sozialen Medien laut Fanpage Karma<\/h2>\n\n\n\n<p class=\"wp-embed-aspect-16-9 wp-has-aspect-ratio\">Beim Hochladen von visuellem Inhalt wie Bildern und Videos auf soziale Medien hat jede Plattform&#8230;<\/p>\n\n\n\n<div class=\"wp-block-uagb-buttons uagb-buttons__outer-wrap uagb-btn__default-btn uagb-btn-tablet__default-btn uagb-btn-mobile__default-btn uagb-block-b0d4f827\"><div class=\"uagb-buttons__wrap uagb-buttons-layout-wrap \">\n<div class=\"wp-block-uagb-buttons-child uagb-buttons__outer-wrap uagb-block-c079828e wp-block-button\"><div class=\"uagb-button__wrapper\"><a class=\"uagb-buttons-repeater wp-block-button__link\" aria-label=\"\" href=\"https:\/\/www.fanpagekarma.com\/academy\/de\/erlaubte-formate-in-sozialen-medien-laut-fanpage-karma\/\" rel=\"follow noopener\" target=\"_self\" role=\"button\"><div class=\"uagb-button__link\">Weiterlesen<\/div><\/a><\/div><\/div>\n<\/div><\/div>\n<\/div>\n<a class=\"spectra-container-link-overlay\" rel=\"noopener\" href=\"https:\/\/www.fanpagekarma.com\/academy\/de\/erlaubte-formate-in-sozialen-medien-laut-fanpage-karma\/\"> <\/a><\/div>\n<\/div>\n","protected":false},"excerpt":{"rendered":"<p>Publish \u00dcberblick \u00fcber Publish In diesem Video zeigen wir dir, wie du in der Publish-Sektion von Fanpage Karma deine Beitr\u00e4ge [&hellip;]<\/p>\n","protected":false},"author":7,"featured_media":0,"parent":0,"menu_order":0,"comment_status":"closed","ping_status":"closed","template":"","meta":{"_uag_custom_page_level_css":"","site-sidebar-layout":"default","site-content-layout":"","ast-site-content-layout":"default","site-content-style":"default","site-sidebar-style":"default","ast-global-header-display":"","ast-banner-title-visibility":"","ast-main-header-display":"","ast-hfb-above-header-display":"","ast-hfb-below-header-display":"","ast-hfb-mobile-header-display":"","site-post-title":"disabled","ast-breadcrumbs-content":"","ast-featured-img":"","footer-sml-layout":"","ast-disable-related-posts":"","theme-transparent-header-meta":"","adv-header-id-meta":"","stick-header-meta":"","header-above-stick-meta":"","header-main-stick-meta":"","header-below-stick-meta":"","astra-migrate-meta-layouts":"default","ast-page-background-enabled":"default","ast-page-background-meta":{"desktop":{"background-color":"var(--ast-global-color-4)","background-image":"","background-repeat":"repeat","background-position":"center center","background-size":"auto","background-attachment":"scroll","background-type":"","background-media":"","overlay-type":"","overlay-color":"","overlay-opacity":"","overlay-gradient":""},"tablet":{"background-color":"","background-image":"","background-repeat":"repeat","background-position":"center center","background-size":"auto","background-attachment":"scroll","background-type":"","background-media":"","overlay-type":"","overlay-color":"","overlay-opacity":"","overlay-gradient":""},"mobile":{"background-color":"","background-image":"","background-repeat":"repeat","background-position":"center center","background-size":"auto","background-attachment":"scroll","background-type":"","background-media":"","overlay-type":"","overlay-color":"","overlay-opacity":"","overlay-gradient":""}},"ast-content-background-meta":{"desktop":{"background-color":"var(--ast-global-color-5)","background-image":"","background-repeat":"repeat","background-position":"center center","background-size":"auto","background-attachment":"scroll","background-type":"","background-media":"","overlay-type":"","overlay-color":"","overlay-opacity":"","overlay-gradient":""},"tablet":{"background-color":"var(--ast-global-color-5)","background-image":"","background-repeat":"repeat","background-position":"center center","background-size":"auto","background-attachment":"scroll","background-type":"","background-media":"","overlay-type":"","overlay-color":"","overlay-opacity":"","overlay-gradient":""},"mobile":{"background-color":"var(--ast-global-color-5)","background-image":"","background-repeat":"repeat","background-position":"center center","background-size":"auto","background-attachment":"scroll","background-type":"","background-media":"","overlay-type":"","overlay-color":"","overlay-opacity":"","overlay-gradient":""}},"footnotes":""},"categories":[],"class_list":["post-704","page","type-page","status-publish","hentry"],"lang":"de","translations":{"de":704,"en":706,"es":708},"uagb_featured_image_src":{"full":false,"thumbnail":false,"medium":false,"medium_large":false,"large":false,"1536x1536":false,"2048x2048":false},"uagb_author_info":{"display_name":"Julia Le\u00f3n","author_link":"https:\/\/www.fanpagekarma.com\/academy\/author\/julia\/"},"uagb_comment_info":0,"uagb_excerpt":"Publish \u00dcberblick \u00fcber Publish In diesem Video zeigen wir dir, wie du in der Publish-Sektion von Fanpage Karma deine Beitr\u00e4ge [&hellip;]","pll_sync_post":[],"_links":{"self":[{"href":"https:\/\/www.fanpagekarma.com\/academy\/wp-json\/wp\/v2\/pages\/704","targetHints":{"allow":["GET"]}}],"collection":[{"href":"https:\/\/www.fanpagekarma.com\/academy\/wp-json\/wp\/v2\/pages"}],"about":[{"href":"https:\/\/www.fanpagekarma.com\/academy\/wp-json\/wp\/v2\/types\/page"}],"author":[{"embeddable":true,"href":"https:\/\/www.fanpagekarma.com\/academy\/wp-json\/wp\/v2\/users\/7"}],"replies":[{"embeddable":true,"href":"https:\/\/www.fanpagekarma.com\/academy\/wp-json\/wp\/v2\/comments?post=704"}],"version-history":[{"count":19,"href":"https:\/\/www.fanpagekarma.com\/academy\/wp-json\/wp\/v2\/pages\/704\/revisions"}],"predecessor-version":[{"id":1637,"href":"https:\/\/www.fanpagekarma.com\/academy\/wp-json\/wp\/v2\/pages\/704\/revisions\/1637"}],"wp:attachment":[{"href":"https:\/\/www.fanpagekarma.com\/academy\/wp-json\/wp\/v2\/media?parent=704"}],"wp:term":[{"taxonomy":"category","embeddable":true,"href":"https:\/\/www.fanpagekarma.com\/academy\/wp-json\/wp\/v2\/categories?post=704"}],"curies":[{"name":"wp","href":"https:\/\/api.w.org\/{rel}","templated":true}]}}