{"id":509,"date":"2024-09-06T16:36:52","date_gmt":"2024-09-06T14:36:52","guid":{"rendered":"https:\/\/www.fanpagekarma.com\/academy\/?page_id=509"},"modified":"2025-03-26T10:12:03","modified_gmt":"2025-03-26T09:12:03","slug":"erlaubte-formate-in-sozialen-medien-laut-fanpage-karma","status":"publish","type":"page","link":"https:\/\/www.fanpagekarma.com\/academy\/de\/erlaubte-formate-in-sozialen-medien-laut-fanpage-karma\/","title":{"rendered":"Erlaubte Formate in sozialen Medien laut Fanpage Karma"},"content":{"rendered":"\n<div class=\"wp-block-group is-content-justification-left is-layout-constrained wp-container-core-group-is-layout-b2eaac4c wp-block-group-is-layout-constrained\" style=\"margin-top:0;margin-bottom:0;padding-top:0;padding-right:0;padding-bottom:0;padding-left:0\">\n<h1 class=\"wp-block-heading\" style=\"padding-top:0;padding-bottom:0\">Erlaubte Formate in sozialen Medien laut Fanpage Karma<\/h1>\n\n\n\n<div style=\"height:50px\" aria-hidden=\"true\" class=\"wp-block-spacer\"><\/div>\n<\/div>\n\n\n\n<p>Beim Hochladen von visuellem Inhalt wie Bildern und Videos auf soziale Medien hat jede Plattform ihre eigenen spezifischen Standards und Anforderungen. Nachfolgend sind die Merkmale der auf den wichtigsten sozialen Medienplattformen zugelassenen Formate aufgef\u00fchrt, wobei sowohl Bilder als auch Videos ber\u00fccksichtigt werden.<\/p>\n\n\n\n<h2 class=\"wp-block-heading\" style=\"padding-top:var(--wp--preset--spacing--70);padding-bottom:var(--wp--preset--spacing--40)\"><strong>Facebook<\/strong><\/h2>\n\n\n\n<h3 class=\"wp-block-heading\" style=\"padding-top:var(--wp--preset--spacing--60);padding-bottom:var(--wp--preset--spacing--30)\">Bilder:<\/h3>\n\n\n\n<ul class=\"wp-block-list\">\n<li><strong>Empfohlene Gr\u00f6\u00dfe:<\/strong> 1200 x 630 Pixel.<\/li>\n\n\n\n<li><strong>Standardgr\u00f6\u00dfe:<\/strong> 476 Pixel breit.<\/li>\n\n\n\n<li><strong>Maximale H\u00f6he:<\/strong> 714 Pixel.<\/li>\n\n\n\n<li><strong>Empfohlenes Verh\u00e4ltnis:<\/strong> 1,33:1 (ungef\u00e4hr 4:3).<\/li>\n<\/ul>\n\n\n\n<h3 class=\"wp-block-heading\" style=\"padding-top:var(--wp--preset--spacing--60);padding-bottom:var(--wp--preset--spacing--30)\">Videos:<\/h3>\n\n\n\n<ul class=\"wp-block-list\">\n<li><strong>Maximale Gr\u00f6\u00dfe:<\/strong> 10 GB.<\/li>\n\n\n\n<li><strong>Minimale Gr\u00f6\u00dfe:<\/strong> 1 KB.<\/li>\n\n\n\n<li><strong>Minimale Dauer:<\/strong> 1 Sekunde.<\/li>\n\n\n\n<li><strong>Maximale Dauer:<\/strong> 4 Stunden.<\/li>\n\n\n\n<li><strong>Erlaubtes Verh\u00e4ltnis:<\/strong> Zwischen 9:16 und 16:9.<\/li>\n\n\n\n<li><strong>Reels:<\/strong> Festes Verh\u00e4ltnis von 9:16, Dauer zwischen 4 und 90 Sekunden, Mindestgr\u00f6\u00dfe von 960&#215;540 Pixel.<\/li>\n\n\n\n<li><strong>Stories:<\/strong> Verh\u00e4ltnis von 9:16, Dauer zwischen 3 und 90 Sekunden.<\/li>\n<\/ul>\n\n\n\n<h2 class=\"wp-block-heading\" style=\"padding-top:var(--wp--preset--spacing--60);padding-bottom:var(--wp--preset--spacing--30)\"><strong>Twitter<\/strong><\/h2>\n\n\n\n<h3 class=\"wp-block-heading\" style=\"padding-top:var(--wp--preset--spacing--60);padding-bottom:var(--wp--preset--spacing--30)\">Bilder:<\/h3>\n\n\n\n<ul class=\"wp-block-list\">\n<li><strong>Minimale Breite:<\/strong> 100 Pixel.<\/li>\n\n\n\n<li><strong>Maximale H\u00f6he:<\/strong> 1080 Pixel.<\/li>\n\n\n\n<li><strong>Standardgr\u00f6\u00dfe:<\/strong> 506 Pixel.<\/li>\n\n\n\n<li><strong>Empfohlene Gr\u00f6\u00dfe:<\/strong> 1024 x 512 Pixel.<\/li>\n\n\n\n<li><strong>Maximale Gr\u00f6\u00dfe:<\/strong> 5 MB.<\/li>\n<\/ul>\n\n\n\n<h3 class=\"wp-block-heading\" style=\"padding-top:var(--wp--preset--spacing--60);padding-bottom:var(--wp--preset--spacing--30)\">Videos:<\/h3>\n\n\n\n<ul class=\"wp-block-list\">\n<li><strong>Maximale Abmessungen:<\/strong> 1920 Pixel auf der l\u00e4ngeren Seite und 1200 Pixel auf der k\u00fcrzeren Seite.<\/li>\n\n\n\n<li><strong>Maximale Dauer:<\/strong> 2 Minuten und 20 Sekunden.<\/li>\n\n\n\n<li><strong>Maximale Gr\u00f6\u00dfe:<\/strong> 512 MB.<\/li>\n<\/ul>\n\n\n\n<h2 class=\"wp-block-heading\" style=\"padding-top:var(--wp--preset--spacing--60);padding-bottom:var(--wp--preset--spacing--30)\"><strong>Instagram<\/strong><\/h2>\n\n\n\n<h3 class=\"wp-block-heading\" style=\"padding-top:var(--wp--preset--spacing--60);padding-bottom:var(--wp--preset--spacing--30)\">Bilder:<\/h3>\n\n\n\n<ul class=\"wp-block-list\">\n<li><strong>Maximale erlaubte Gr\u00f6\u00dfe:<\/strong> 8 MB.<\/li>\n\n\n\n<li><strong>Empfohlene Abmessungen:<\/strong> 1080 x 1080 Pixel (quadratisches Format).<\/li>\n<\/ul>\n\n\n\n<h3 class=\"wp-block-heading\" style=\"padding-top:var(--wp--preset--spacing--60);padding-bottom:var(--wp--preset--spacing--30)\">Videos:<\/h3>\n\n\n\n<ul class=\"wp-block-list\">\n<li><strong>Maximale Gr\u00f6\u00dfe f\u00fcr Beitr\u00e4ge:<\/strong> 100 MB.<\/li>\n\n\n\n<li><strong>Maximale Gr\u00f6\u00dfe f\u00fcr Reels:<\/strong> 1 GB.<\/li>\n\n\n\n<li><strong>Minimale Dauer:<\/strong> 3 Sekunden.<\/li>\n\n\n\n<li><strong>Maximale Dauer f\u00fcr Beitr\u00e4ge:<\/strong> 60 Minuten.<\/li>\n\n\n\n<li><strong>Maximale Dauer f\u00fcr Reels:<\/strong> 15 Minuten \u00fcber die App.<\/li>\n\n\n\n<li><strong>Erlaubtes Verh\u00e4ltnis f\u00fcr Videos:<\/strong> Zwischen 9:16 und 1,91:1.<\/li>\n\n\n\n<li><strong>Verh\u00e4ltnis f\u00fcr Stories:<\/strong> 9:16.<\/li>\n\n\n\n<li><strong>Bildrate:<\/strong> Zwischen 23 und 60 FPS.<\/li>\n<\/ul>\n\n\n\n<h2 class=\"wp-block-heading\" style=\"padding-top:var(--wp--preset--spacing--60);padding-bottom:var(--wp--preset--spacing--30)\"><strong>LinkedIn<\/strong><\/h2>\n\n\n\n<h3 class=\"wp-block-heading\" style=\"padding-top:var(--wp--preset--spacing--60);padding-bottom:var(--wp--preset--spacing--30)\">Bilder:<\/h3>\n\n\n\n<ul class=\"wp-block-list\">\n<li><strong>Maximale Gr\u00f6\u00dfe:<\/strong> 10 MB.<\/li>\n\n\n\n<li><strong>Erlaubtes Verh\u00e4ltnis:<\/strong> Zwischen 2:3 und 3:1.<\/li>\n\n\n\n<li><strong>Maximale Anzahl von Pixeln:<\/strong> 40 Millionen.<\/li>\n<\/ul>\n\n\n\n<h3 class=\"wp-block-heading\" style=\"padding-top:var(--wp--preset--spacing--60);padding-bottom:var(--wp--preset--spacing--30)\">Videos:<\/h3>\n\n\n\n<ul class=\"wp-block-list\">\n<li><strong>Maximale Gr\u00f6\u00dfe:<\/strong> 5 GB.<\/li>\n\n\n\n<li><strong>Minimale Dauer:<\/strong> 3 Sekunden.<\/li>\n\n\n\n<li><strong>Maximale Dauer:<\/strong> 10 Minuten.<\/li>\n\n\n\n<li><strong>Erlaubte Abmessungen:<\/strong> Breite zwischen 256 und 4096 Pixel, H\u00f6he zwischen 144 und 2304 Pixel.<\/li>\n\n\n\n<li><strong>Erlaubtes Verh\u00e4ltnis:<\/strong> Zwischen 1:2.4 und 2.4:1.<\/li>\n<\/ul>\n\n\n\n<h2 class=\"wp-block-heading\" style=\"padding-top:var(--wp--preset--spacing--60);padding-bottom:var(--wp--preset--spacing--30)\"><strong>TikTok<\/strong><\/h2>\n\n\n\n<h3 class=\"wp-block-heading\" style=\"padding-top:var(--wp--preset--spacing--60);padding-bottom:var(--wp--preset--spacing--30)\">Bilder:<\/h3>\n\n\n\n<ul class=\"wp-block-list\">\n<li><strong>Maximale erlaubte Gr\u00f6\u00dfe:<\/strong> 20 MB.<\/li>\n\n\n\n<li><strong>Maximale erlaubte Breite:<\/strong> 1080 Pixel.<\/li>\n\n\n\n<li><strong>Erlaubtes Verh\u00e4ltnis:<\/strong> Zwischen 9:16 und 1:1.<\/li>\n<\/ul>\n\n\n\n<h3 class=\"wp-block-heading\" style=\"padding-top:var(--wp--preset--spacing--60);padding-bottom:var(--wp--preset--spacing--30)\">Videos:<\/h3>\n\n\n\n<ul class=\"wp-block-list\">\n<li><strong>Maximale Gr\u00f6\u00dfe:<\/strong> 4 GB.<\/li>\n\n\n\n<li><strong>Erlaubte Breite:<\/strong> Zwischen 360 und 4096 Pixel.<\/li>\n\n\n\n<li><strong>Bildrate:<\/strong> Zwischen 23 und 60 FPS.<\/li>\n<\/ul>\n\n\n\n<h2 class=\"wp-block-heading\" style=\"padding-top:var(--wp--preset--spacing--60);padding-bottom:var(--wp--preset--spacing--30)\"><strong>YouTube<\/strong><\/h2>\n\n\n\n<h3 class=\"wp-block-heading\" style=\"padding-top:var(--wp--preset--spacing--60);padding-bottom:var(--wp--preset--spacing--30)\">Videos:<\/h3>\n\n\n\n<ul class=\"wp-block-list\">\n<li><strong>Maximale Gr\u00f6\u00dfe:<\/strong> 128 GB.<\/li>\n\n\n\n<li><strong>Maximale Dauer:<\/strong> 12 Stunden.<\/li>\n\n\n\n<li><strong>Erlaubte Abmessungen:<\/strong> Breite zwischen 426 und 3840 Pixel, H\u00f6he zwischen 240 und 2160 Pixel.<\/li>\n<\/ul>\n\n\n\n<h2 class=\"wp-block-heading\" style=\"padding-top:var(--wp--preset--spacing--60);padding-bottom:var(--wp--preset--spacing--30)\"><strong>Pinterest<\/strong><\/h2>\n\n\n\n<h3 class=\"wp-block-heading\" style=\"padding-top:var(--wp--preset--spacing--60);padding-bottom:var(--wp--preset--spacing--30)\">Story-Videos:<\/h3>\n\n\n\n<ul class=\"wp-block-list\">\n<li><strong>Minimale Dauer:<\/strong> 1 Sekunde.<\/li>\n\n\n\n<li><strong>Maximale Dauer:<\/strong> 60 Sekunden.<\/li>\n<\/ul>\n\n\n\n<h2 class=\"wp-block-heading\" style=\"padding-top:var(--wp--preset--spacing--60);padding-bottom:var(--wp--preset--spacing--30)\"><strong>Threads<\/strong><\/h2>\n\n\n\n<h3 class=\"wp-block-heading\" style=\"padding-top:var(--wp--preset--spacing--60);padding-bottom:var(--wp--preset--spacing--30)\">Videos:<\/h3>\n\n\n\n<ul class=\"wp-block-list\">\n<li>Maximale Dauer: 5 Minuten.<\/li>\n<\/ul>\n\n\n\n<h2 class=\"wp-block-heading\" style=\"padding-top:var(--wp--preset--spacing--60);padding-bottom:var(--wp--preset--spacing--30)\">Fazit<\/h2>\n\n\n\n<p>Jede Social-Media-Plattform hat ihre eigenen Anforderungen und Empfehlungen f\u00fcr Bild- und Videoformate, um eine optimale Inhaltsqualit\u00e4t und ein besseres Benutzererlebnis zu gew\u00e4hrleisten. Das Wissen \u00fcber diese Details ist f\u00fcr Content-Ersteller und Unternehmen, die ihre Pr\u00e4senz auf diesen Plattformen \u00fcber Drittanbieter-Anwendungen optimieren m\u00f6chten, unerl\u00e4sslich. Achte darauf, diese Spezifikationen einzuhalten, um die Wirkung deines visuellen Inhalts auf jeder Social-Media-Plattform zu maximieren.<\/p>\n","protected":false},"excerpt":{"rendered":"<p>Erlaubte Formate in sozialen Medien laut Fanpage Karma Beim Hochladen von visuellem Inhalt wie Bildern und Videos auf soziale Medien [&hellip;]<\/p>\n","protected":false},"author":7,"featured_media":0,"parent":0,"menu_order":0,"comment_status":"closed","ping_status":"closed","template":"","meta":{"_uag_custom_page_level_css":"","site-sidebar-layout":"default","site-content-layout":"","ast-site-content-layout":"default","site-content-style":"default","site-sidebar-style":"default","ast-global-header-display":"","ast-banner-title-visibility":"","ast-main-header-display":"","ast-hfb-above-header-display":"","ast-hfb-below-header-display":"","ast-hfb-mobile-header-display":"","site-post-title":"disabled","ast-breadcrumbs-content":"","ast-featured-img":"","footer-sml-layout":"","ast-disable-related-posts":"","theme-transparent-header-meta":"","adv-header-id-meta":"","stick-header-meta":"","header-above-stick-meta":"","header-main-stick-meta":"","header-below-stick-meta":"","astra-migrate-meta-layouts":"default","ast-page-background-enabled":"default","ast-page-background-meta":{"desktop":{"background-color":"var(--ast-global-color-4)","background-image":"","background-repeat":"repeat","background-position":"center center","background-size":"auto","background-attachment":"scroll","background-type":"","background-media":"","overlay-type":"","overlay-color":"","overlay-opacity":"","overlay-gradient":""},"tablet":{"background-color":"","background-image":"","background-repeat":"repeat","background-position":"center center","background-size":"auto","background-attachment":"scroll","background-type":"","background-media":"","overlay-type":"","overlay-color":"","overlay-opacity":"","overlay-gradient":""},"mobile":{"background-color":"","background-image":"","background-repeat":"repeat","background-position":"center center","background-size":"auto","background-attachment":"scroll","background-type":"","background-media":"","overlay-type":"","overlay-color":"","overlay-opacity":"","overlay-gradient":""}},"ast-content-background-meta":{"desktop":{"background-color":"var(--ast-global-color-5)","background-image":"","background-repeat":"repeat","background-position":"center center","background-size":"auto","background-attachment":"scroll","background-type":"","background-media":"","overlay-type":"","overlay-color":"","overlay-opacity":"","overlay-gradient":""},"tablet":{"background-color":"var(--ast-global-color-5)","background-image":"","background-repeat":"repeat","background-position":"center center","background-size":"auto","background-attachment":"scroll","background-type":"","background-media":"","overlay-type":"","overlay-color":"","overlay-opacity":"","overlay-gradient":""},"mobile":{"background-color":"var(--ast-global-color-5)","background-image":"","background-repeat":"repeat","background-position":"center center","background-size":"auto","background-attachment":"scroll","background-type":"","background-media":"","overlay-type":"","overlay-color":"","overlay-opacity":"","overlay-gradient":""}},"footnotes":""},"categories":[],"class_list":["post-509","page","type-page","status-publish","hentry"],"lang":"de","translations":{"de":509,"es":491,"en":516},"uagb_featured_image_src":{"full":false,"thumbnail":false,"medium":false,"medium_large":false,"large":false,"1536x1536":false,"2048x2048":false},"uagb_author_info":{"display_name":"Julia Le\u00f3n","author_link":"https:\/\/www.fanpagekarma.com\/academy\/author\/julia\/"},"uagb_comment_info":0,"uagb_excerpt":"Erlaubte Formate in sozialen Medien laut Fanpage Karma Beim Hochladen von visuellem Inhalt wie Bildern und Videos auf soziale Medien [&hellip;]","pll_sync_post":[],"_links":{"self":[{"href":"https:\/\/www.fanpagekarma.com\/academy\/wp-json\/wp\/v2\/pages\/509","targetHints":{"allow":["GET"]}}],"collection":[{"href":"https:\/\/www.fanpagekarma.com\/academy\/wp-json\/wp\/v2\/pages"}],"about":[{"href":"https:\/\/www.fanpagekarma.com\/academy\/wp-json\/wp\/v2\/types\/page"}],"author":[{"embeddable":true,"href":"https:\/\/www.fanpagekarma.com\/academy\/wp-json\/wp\/v2\/users\/7"}],"replies":[{"embeddable":true,"href":"https:\/\/www.fanpagekarma.com\/academy\/wp-json\/wp\/v2\/comments?post=509"}],"version-history":[{"count":7,"href":"https:\/\/www.fanpagekarma.com\/academy\/wp-json\/wp\/v2\/pages\/509\/revisions"}],"predecessor-version":[{"id":518,"href":"https:\/\/www.fanpagekarma.com\/academy\/wp-json\/wp\/v2\/pages\/509\/revisions\/518"}],"wp:attachment":[{"href":"https:\/\/www.fanpagekarma.com\/academy\/wp-json\/wp\/v2\/media?parent=509"}],"wp:term":[{"taxonomy":"category","embeddable":true,"href":"https:\/\/www.fanpagekarma.com\/academy\/wp-json\/wp\/v2\/categories?post=509"}],"curies":[{"name":"wp","href":"https:\/\/api.w.org\/{rel}","templated":true}]}}