{"id":491,"date":"2025-03-26T10:12:17","date_gmt":"2025-03-26T09:12:17","guid":{"rendered":"https:\/\/www.fanpagekarma.com\/academy\/?page_id=491"},"modified":"2025-03-26T10:12:18","modified_gmt":"2025-03-26T09:12:18","slug":"formatos-permitidos-en-redes-sociales-segun-fanpage-karma","status":"publish","type":"page","link":"https:\/\/www.fanpagekarma.com\/academy\/es\/formatos-permitidos-en-redes-sociales-segun-fanpage-karma\/","title":{"rendered":"Formatos permitidos en redes sociales seg\u00fan Fanpage Karma"},"content":{"rendered":"\n<div class=\"wp-block-group is-content-justification-left is-layout-constrained wp-container-core-group-is-layout-b2eaac4c wp-block-group-is-layout-constrained\" style=\"margin-top:0;margin-bottom:0;padding-top:0;padding-right:0;padding-bottom:0;padding-left:0\">\n<h1 class=\"wp-block-heading\" style=\"padding-top:0;padding-bottom:0\">Formatos permitidos en redes sociales seg\u00fan Fanpage Karma<\/h1>\n\n\n\n<div style=\"height:50px\" aria-hidden=\"true\" class=\"wp-block-spacer\"><\/div>\n<\/div>\n\n\n\n<p>Cuando se trata de subir contenido visual como im\u00e1genes y videos a redes sociales, cada plataforma tiene sus propios est\u00e1ndares y requisitos espec\u00edficos. A continuaci\u00f3n, se detallan las caracter\u00edsticas de los formatos permitidos para las principales redes sociales, considerando tanto im\u00e1genes como videos.<\/p>\n\n\n\n<h2 class=\"wp-block-heading\" style=\"padding-top:var(--wp--preset--spacing--70);padding-bottom:var(--wp--preset--spacing--40)\"><strong>Facebook<\/strong><\/h2>\n\n\n\n<h3 class=\"wp-block-heading\" style=\"padding-top:var(--wp--preset--spacing--60);padding-bottom:var(--wp--preset--spacing--30)\">Im\u00e1genes:<\/h3>\n\n\n\n<ul class=\"wp-block-list\">\n<li><strong>Tama\u00f1o recomendado:<\/strong> 1200 x 630 p\u00edxeles.<\/li>\n\n\n\n<li><strong>Tama\u00f1o est\u00e1ndar:<\/strong> 476 p\u00edxeles de ancho.<\/li>\n\n\n\n<li><strong>Altura m\u00e1xima:<\/strong> 714 p\u00edxeles.<\/li>\n\n\n\n<li><strong>Ratio recomendado:<\/strong> 1.33:1 (aproximadamente 4:3).<\/li>\n<\/ul>\n\n\n\n<h3 class=\"wp-block-heading\" style=\"padding-top:var(--wp--preset--spacing--60);padding-bottom:var(--wp--preset--spacing--30)\">Videos:<\/h3>\n\n\n\n<ul class=\"wp-block-list\">\n<li><strong>Tama\u00f1o m\u00e1ximo:<\/strong> 10 GB.<\/li>\n\n\n\n<li><strong>Tama\u00f1o m\u00ednimo:<\/strong> 1 KB.<\/li>\n\n\n\n<li><strong>Duraci\u00f3n m\u00ednima:<\/strong> 1 segundo.<\/li>\n\n\n\n<li><strong>Duraci\u00f3n m\u00e1xima:<\/strong> 4 horas.<\/li>\n\n\n\n<li><strong>Ratio permitido:<\/strong> Entre 9:16 y 16:9.<\/li>\n\n\n\n<li><strong>Reels:<\/strong> Ratio fijo de 9:16, duraci\u00f3n entre 4 y 90 segundos, tama\u00f1o m\u00ednimo de 960&#215;540 p\u00edxeles.<\/li>\n\n\n\n<li><strong>Historias:<\/strong> Ratio de 9:16, duraci\u00f3n entre 3 y 90 segundos.<\/li>\n<\/ul>\n\n\n\n<h2 class=\"wp-block-heading\" style=\"padding-top:var(--wp--preset--spacing--60);padding-bottom:var(--wp--preset--spacing--30)\"><strong>Twitter<\/strong><\/h2>\n\n\n\n<h3 class=\"wp-block-heading\" style=\"padding-top:var(--wp--preset--spacing--60);padding-bottom:var(--wp--preset--spacing--30)\">Im\u00e1genes: <\/h3>\n\n\n\n<ul class=\"wp-block-list\">\n<li><strong>Tama\u00f1o recomendado:<\/strong> 1200 x 630 p\u00edxeles.<\/li>\n\n\n\n<li><strong>Tama\u00f1o est\u00e1ndar:<\/strong> 476 p\u00edxeles de ancho.<\/li>\n\n\n\n<li><strong>Altura m\u00e1xima:<\/strong> 714 p\u00edxeles.<\/li>\n\n\n\n<li><strong>Ratio recomendado:<\/strong> 1.33:1 (aproximadamente 4:3).<\/li>\n<\/ul>\n\n\n\n<h3 class=\"wp-block-heading\" style=\"padding-top:var(--wp--preset--spacing--60);padding-bottom:var(--wp--preset--spacing--30)\">Videos:<\/h3>\n\n\n\n<ul class=\"wp-block-list\">\n<li><strong>Dimensiones m\u00e1ximas:<\/strong> 1920 p\u00edxeles en el lado m\u00e1s largo y 1200 p\u00edxeles en el lado m\u00e1s corto.<\/li>\n\n\n\n<li><strong>Duraci\u00f3n m\u00e1xima:<\/strong> 2 minutos y 20 segundos.<\/li>\n\n\n\n<li><strong>Tama\u00f1o m\u00e1ximo:<\/strong> 512 MB.<\/li>\n<\/ul>\n\n\n\n<h2 class=\"wp-block-heading\" style=\"padding-top:var(--wp--preset--spacing--60);padding-bottom:var(--wp--preset--spacing--30)\"><strong>Instagram<\/strong><\/h2>\n\n\n\n<h3 class=\"wp-block-heading\" style=\"padding-top:var(--wp--preset--spacing--60);padding-bottom:var(--wp--preset--spacing--30)\">Im\u00e1genes: <\/h3>\n\n\n\n<ul class=\"wp-block-list\">\n<li><strong>Tama\u00f1o m\u00e1ximo permitido:<\/strong> 8 MB.<\/li>\n\n\n\n<li><strong>Dimensiones recomendadas:<\/strong> 1080 x 1080 p\u00edxeles (formato cuadrado).<\/li>\n<\/ul>\n\n\n\n<h3 class=\"wp-block-heading\" style=\"padding-top:var(--wp--preset--spacing--60);padding-bottom:var(--wp--preset--spacing--30)\">Videos:<\/h3>\n\n\n\n<ul class=\"wp-block-list\">\n<li><strong>Tama\u00f1o m\u00e1ximo para publicaciones:<\/strong> 100 MB.<\/li>\n\n\n\n<li><strong>Tama\u00f1o m\u00e1ximo para Reels:<\/strong> 1 GB.<\/li>\n\n\n\n<li><strong>Duraci\u00f3n m\u00ednima:<\/strong> 3 segundos.<\/li>\n\n\n\n<li><strong>Duraci\u00f3n m\u00e1xima para publicaciones:<\/strong> 60 minutos.<\/li>\n\n\n\n<li><strong>Duraci\u00f3n m\u00e1xima para Reels:<\/strong> 15 minutos a trav\u00e9s de la app.<\/li>\n\n\n\n<li><strong>Ratio permitido para videos:<\/strong> Entre 9:16 y 1.91:1.<\/li>\n\n\n\n<li><strong>Ratio para historias:<\/strong> 9:16.<\/li>\n\n\n\n<li><strong>Velocidad de fotogramas:<\/strong> Entre 23 y 60 FPS.<\/li>\n<\/ul>\n\n\n\n<h2 class=\"wp-block-heading\" style=\"padding-top:var(--wp--preset--spacing--60);padding-bottom:var(--wp--preset--spacing--30)\"><strong>LinkedIn<\/strong><\/h2>\n\n\n\n<h3 class=\"wp-block-heading\" style=\"padding-top:var(--wp--preset--spacing--60);padding-bottom:var(--wp--preset--spacing--30)\">Im\u00e1genes: <\/h3>\n\n\n\n<ul class=\"wp-block-list\">\n<li><strong>Tama\u00f1o m\u00e1ximo:<\/strong> 10 MB.<\/li>\n\n\n\n<li><strong>Ratio permitido:<\/strong> Entre 2:3 y 3:1.<\/li>\n\n\n\n<li><strong>Cantidad m\u00e1xima de p\u00edxeles:<\/strong> 40 millones.<\/li>\n<\/ul>\n\n\n\n<h3 class=\"wp-block-heading\" style=\"padding-top:var(--wp--preset--spacing--60);padding-bottom:var(--wp--preset--spacing--30)\">Videos:<\/h3>\n\n\n\n<ul class=\"wp-block-list\">\n<li><strong>Tama\u00f1o m\u00e1ximo:<\/strong> 5 GB.<\/li>\n\n\n\n<li><strong>Duraci\u00f3n m\u00ednima:<\/strong> 3 segundos.<\/li>\n\n\n\n<li><strong>Duraci\u00f3n m\u00e1xima:<\/strong> 10 minutos.<\/li>\n\n\n\n<li><strong>Dimensiones permitidas:<\/strong> Ancho entre 256 y 4096 p\u00edxeles, altura entre 144 y 2304 p\u00edxeles.<\/li>\n\n\n\n<li><strong>Ratio permitido:<\/strong> Entre 1:2.4 y 2.4:1.<\/li>\n<\/ul>\n\n\n\n<h2 class=\"wp-block-heading\" style=\"padding-top:var(--wp--preset--spacing--60);padding-bottom:var(--wp--preset--spacing--30)\"><strong>TikTok<\/strong><\/h2>\n\n\n\n<h3 class=\"wp-block-heading\" style=\"padding-top:var(--wp--preset--spacing--60);padding-bottom:var(--wp--preset--spacing--30)\">Im\u00e1genes: <\/h3>\n\n\n\n<ul class=\"wp-block-list\">\n<li><strong>Tama\u00f1o m\u00e1ximo permitido:<\/strong> 20 MB.<\/li>\n\n\n\n<li><strong>Ancho m\u00e1ximo permitido:<\/strong> 1080 p\u00edxeles.<\/li>\n\n\n\n<li><strong>Ratio permitido:<\/strong> Entre 9:16 y 1:1.<\/li>\n<\/ul>\n\n\n\n<h3 class=\"wp-block-heading\" style=\"padding-top:var(--wp--preset--spacing--60);padding-bottom:var(--wp--preset--spacing--30)\">Videos:<\/h3>\n\n\n\n<ul class=\"wp-block-list\">\n<li><strong>Tama\u00f1o m\u00e1ximo:<\/strong> 4 GB.<\/li>\n\n\n\n<li><strong>Ancho permitido:<\/strong> Entre 360 y 4096 p\u00edxeles.<\/li>\n\n\n\n<li><strong>Velocidad de fotogramas:<\/strong> Entre 23 y 60 FPS.<\/li>\n<\/ul>\n\n\n\n<h2 class=\"wp-block-heading\" style=\"padding-top:var(--wp--preset--spacing--60);padding-bottom:var(--wp--preset--spacing--30)\"><strong>YouTube<\/strong><\/h2>\n\n\n\n<h3 class=\"wp-block-heading\" style=\"padding-top:var(--wp--preset--spacing--60);padding-bottom:var(--wp--preset--spacing--30)\">Videos:<\/h3>\n\n\n\n<ul class=\"wp-block-list\">\n<li><strong>Tama\u00f1o m\u00e1ximo:<\/strong> 128 GB.<\/li>\n\n\n\n<li><strong>Duraci\u00f3n m\u00e1xima:<\/strong> 12 horas.<\/li>\n\n\n\n<li><strong>Dimensiones permitidas:<\/strong> Ancho entre 426 y 3840 p\u00edxeles, altura entre 240 y 2160 p\u00edxeles.<\/li>\n<\/ul>\n\n\n\n<h2 class=\"wp-block-heading\" style=\"padding-top:var(--wp--preset--spacing--60);padding-bottom:var(--wp--preset--spacing--30)\"><strong>Pinterest<\/strong><\/h2>\n\n\n\n<h3 class=\"wp-block-heading\" style=\"padding-top:var(--wp--preset--spacing--60);padding-bottom:var(--wp--preset--spacing--30)\">Videos para historias:<\/h3>\n\n\n\n<ul class=\"wp-block-list\">\n<li><strong>Duraci\u00f3n m\u00ednima:<\/strong> 1 segundo.<\/li>\n\n\n\n<li><strong>Duraci\u00f3n m\u00e1xima:<\/strong> 60 segundos.<\/li>\n<\/ul>\n\n\n\n<h2 class=\"wp-block-heading\" style=\"padding-top:var(--wp--preset--spacing--60);padding-bottom:var(--wp--preset--spacing--30)\"><strong>Threads<\/strong><\/h2>\n\n\n\n<h3 class=\"wp-block-heading\" style=\"padding-top:var(--wp--preset--spacing--60);padding-bottom:var(--wp--preset--spacing--30)\">Videos:<\/h3>\n\n\n\n<ul class=\"wp-block-list\">\n<li><strong>Duraci\u00f3n m\u00e1xima:<\/strong> 5 minutos.<\/li>\n<\/ul>\n\n\n\n<h2 class=\"wp-block-heading\" style=\"padding-top:var(--wp--preset--spacing--60);padding-bottom:var(--wp--preset--spacing--30)\">Conclusi\u00f3n<\/h2>\n\n\n\n<p>Cada red social tiene sus propios requisitos y recomendaciones para el formato de im\u00e1genes y videos, con el fin de garantizar una calidad \u00f3ptima de contenido y una mejor experiencia de usuario. Conocer estos detalles es esencial para los creadores de contenido y empresas que buscan optimizar su presencia en estas plataformas a trav\u00e9s de aplicaciones de terceros. Aseg\u00farate de seguir estas especificaciones para maximizar el impacto de tu contenido visual en cada red social.<\/p>\n","protected":false},"excerpt":{"rendered":"<p>Formatos permitidos en redes sociales seg\u00fan Fanpage Karma Cuando se trata de subir contenido visual como im\u00e1genes y videos a [&hellip;]<\/p>\n","protected":false},"author":7,"featured_media":0,"parent":0,"menu_order":0,"comment_status":"closed","ping_status":"closed","template":"","meta":{"_uag_custom_page_level_css":"","site-sidebar-layout":"default","site-content-layout":"","ast-site-content-layout":"default","site-content-style":"default","site-sidebar-style":"default","ast-global-header-display":"","ast-banner-title-visibility":"","ast-main-header-display":"","ast-hfb-above-header-display":"","ast-hfb-below-header-display":"","ast-hfb-mobile-header-display":"","site-post-title":"disabled","ast-breadcrumbs-content":"","ast-featured-img":"","footer-sml-layout":"","ast-disable-related-posts":"","theme-transparent-header-meta":"","adv-header-id-meta":"","stick-header-meta":"","header-above-stick-meta":"","header-main-stick-meta":"","header-below-stick-meta":"","astra-migrate-meta-layouts":"default","ast-page-background-enabled":"default","ast-page-background-meta":{"desktop":{"background-color":"var(--ast-global-color-4)","background-image":"","background-repeat":"repeat","background-position":"center center","background-size":"auto","background-attachment":"scroll","background-type":"","background-media":"","overlay-type":"","overlay-color":"","overlay-opacity":"","overlay-gradient":""},"tablet":{"background-color":"","background-image":"","background-repeat":"repeat","background-position":"center center","background-size":"auto","background-attachment":"scroll","background-type":"","background-media":"","overlay-type":"","overlay-color":"","overlay-opacity":"","overlay-gradient":""},"mobile":{"background-color":"","background-image":"","background-repeat":"repeat","background-position":"center center","background-size":"auto","background-attachment":"scroll","background-type":"","background-media":"","overlay-type":"","overlay-color":"","overlay-opacity":"","overlay-gradient":""}},"ast-content-background-meta":{"desktop":{"background-color":"var(--ast-global-color-5)","background-image":"","background-repeat":"repeat","background-position":"center center","background-size":"auto","background-attachment":"scroll","background-type":"","background-media":"","overlay-type":"","overlay-color":"","overlay-opacity":"","overlay-gradient":""},"tablet":{"background-color":"var(--ast-global-color-5)","background-image":"","background-repeat":"repeat","background-position":"center center","background-size":"auto","background-attachment":"scroll","background-type":"","background-media":"","overlay-type":"","overlay-color":"","overlay-opacity":"","overlay-gradient":""},"mobile":{"background-color":"var(--ast-global-color-5)","background-image":"","background-repeat":"repeat","background-position":"center center","background-size":"auto","background-attachment":"scroll","background-type":"","background-media":"","overlay-type":"","overlay-color":"","overlay-opacity":"","overlay-gradient":""}},"footnotes":""},"categories":[],"class_list":["post-491","page","type-page","status-publish","hentry"],"lang":"es","translations":{"es":491,"de":509,"en":516},"uagb_featured_image_src":{"full":false,"thumbnail":false,"medium":false,"medium_large":false,"large":false,"1536x1536":false,"2048x2048":false},"uagb_author_info":{"display_name":"Julia Le\u00f3n","author_link":"https:\/\/www.fanpagekarma.com\/academy\/author\/julia\/"},"uagb_comment_info":0,"uagb_excerpt":"Formatos permitidos en redes sociales seg\u00fan Fanpage Karma Cuando se trata de subir contenido visual como im\u00e1genes y videos a [&hellip;]","pll_sync_post":[],"_links":{"self":[{"href":"https:\/\/www.fanpagekarma.com\/academy\/wp-json\/wp\/v2\/pages\/491","targetHints":{"allow":["GET"]}}],"collection":[{"href":"https:\/\/www.fanpagekarma.com\/academy\/wp-json\/wp\/v2\/pages"}],"about":[{"href":"https:\/\/www.fanpagekarma.com\/academy\/wp-json\/wp\/v2\/types\/page"}],"author":[{"embeddable":true,"href":"https:\/\/www.fanpagekarma.com\/academy\/wp-json\/wp\/v2\/users\/7"}],"replies":[{"embeddable":true,"href":"https:\/\/www.fanpagekarma.com\/academy\/wp-json\/wp\/v2\/comments?post=491"}],"version-history":[{"count":17,"href":"https:\/\/www.fanpagekarma.com\/academy\/wp-json\/wp\/v2\/pages\/491\/revisions"}],"predecessor-version":[{"id":508,"href":"https:\/\/www.fanpagekarma.com\/academy\/wp-json\/wp\/v2\/pages\/491\/revisions\/508"}],"wp:attachment":[{"href":"https:\/\/www.fanpagekarma.com\/academy\/wp-json\/wp\/v2\/media?parent=491"}],"wp:term":[{"taxonomy":"category","embeddable":true,"href":"https:\/\/www.fanpagekarma.com\/academy\/wp-json\/wp\/v2\/categories?post=491"}],"curies":[{"name":"wp","href":"https:\/\/api.w.org\/{rel}","templated":true}]}}