{"id":256,"date":"2024-07-26T20:10:15","date_gmt":"2024-07-26T18:10:15","guid":{"rendered":"https:\/\/www.fanpagekarma.com\/academy\/?page_id=256"},"modified":"2025-04-08T10:20:54","modified_gmt":"2025-04-08T08:20:54","slug":"inicio","status":"publish","type":"page","link":"https:\/\/www.fanpagekarma.com\/academy\/es\/","title":{"rendered":"Homepage ES"},"content":{"rendered":"\n<div class=\"wp-block-uagb-container uagb-block-b09fd621 default uagb-is-root-container\">\n<div class=\"wp-block-uagb-container uagb-block-3e44cbeb alignfull uagb-is-root-container\"><div class=\"uagb-container-inner-blocks-wrap\">\n<div class=\"wp-block-uagb-container uagb-block-7c65f424\">\n<h1 class=\"wp-block-heading\" style=\"font-style:normal;font-weight:100;text-transform:none\"><strong>Gu\u00eda tutorial<\/strong> para todos Tus retos en las redes sociales<\/h1>\n<\/div>\n<\/div><\/div>\n\n\n\n<div class=\"wp-block-uagb-container uagb-block-de6c516b alignfull uagb-is-root-container\"><div class=\"uagb-container-inner-blocks-wrap\">\n<div class=\"wp-block-uagb-container uagb-block-562fa766\">\n<div class=\"wp-block-uagb-advanced-heading uagb-block-6aec042c\"><h2 class=\"uagb-heading-text\">Tareas<\/h2><\/div>\n\n\n\n<p>Descubre los conceptos b\u00e1sicos de Fanpage Karma o ampl\u00eda tus conocimientos<\/p>\n\n\n\n<p style=\"margin-top:0;margin-bottom:0\">\u2192&nbsp;<a href=\"https:\/\/www.fanpagekarma.com\/academy\/es\/analytics\/\" data-type=\"page\" data-id=\"803\">Medir y comparar resultados<\/a><br>\u2192&nbsp;<a href=\"https:\/\/www.fanpagekarma.com\/academy\/es\/analytics\/\" data-type=\"page\" data-id=\"803\">Presentar cifras<\/a><br>\u2192&nbsp;<a href=\"https:\/\/www.fanpagekarma.com\/academy\/es\/engage\/\" data-type=\"page\" data-id=\"650\">Gesti\u00f3n de la comunidad<\/a><br>\u2192&nbsp;<a href=\"https:\/\/www.fanpagekarma.com\/academy\/es\/publish\/\" data-type=\"page\" data-id=\"708\">Publicar<\/a><br>\u2192&nbsp;<a href=\"https:\/\/www.fanpagekarma.com\/academy\/es\/discovery\/\" data-type=\"page\" data-id=\"726\">Encontrar influencers<\/a><br>\u2192&nbsp;<a href=\"https:\/\/www.fanpagekarma.com\/academy\/es\/discovery\/\" data-type=\"page\" data-id=\"726\">Investigaci\u00f3n de contenidos<\/a><\/p>\n<\/div>\n\n\n\n<div class=\"wp-block-uagb-container uagb-block-b265f7bf\">\n<div class=\"wp-block-uagb-advanced-heading uagb-block-8e12e36d\"><h2 class=\"uagb-heading-text\">Tema<\/h2><\/div>\n\n\n\n<p>Obt\u00e9n m\u00e1s informaci\u00f3n sobre las ventajas de las distintas funciones de Fanpage Karma.<\/p>\n\n\n\n<p style=\"margin-top:0;margin-bottom:0\">\u2192&nbsp;<a href=\"https:\/\/www.fanpagekarma.com\/academy\/es\/analytics\/\" data-type=\"page\" data-id=\"803\">Analytics<\/a><br>\u2192&nbsp;<a href=\"https:\/\/www.fanpagekarma.com\/academy\/es\/engage\/\" data-type=\"page\" data-id=\"650\">Engage<\/a><br>\u2192&nbsp;<a href=\"https:\/\/www.fanpagekarma.com\/academy\/es\/publish\/\" data-type=\"page\" data-id=\"708\">Publish<\/a><br>\u2192&nbsp;<a href=\"https:\/\/www.fanpagekarma.com\/academy\/es\/discovery\/\" data-type=\"page\" data-id=\"726\">Discovery<\/a><br>\u2192&nbsp;<a href=\"https:\/\/www.fanpagekarma.com\/academy\/es\/metricas\/\" data-type=\"page\" data-id=\"1211\">M\u00e9tricas<\/a><br>\u2192 <a href=\"https:\/\/www.fanpagekarma.com\/academy\/es\/api\/\" data-type=\"page\" data-id=\"1313\">API<\/a><\/p>\n<\/div>\n<\/div><\/div>\n\n\n\n<figure class=\"wp-block-embed is-type-video is-provider-youtube wp-block-embed-youtube wp-embed-aspect-16-9 wp-has-aspect-ratio\" style=\"margin-top:var(--wp--preset--spacing--60);margin-bottom:var(--wp--preset--spacing--60)\"><div class=\"wp-block-embed__wrapper\">\n<iframe loading=\"lazy\" title=\"C\u00f3mo utilizar Fanpage Karma en 10 minutos\" width=\"500\" height=\"281\" src=\"https:\/\/www.youtube.com\/embed\/0ZCtZY81wGw?feature=oembed\" frameborder=\"0\" allow=\"accelerometer; autoplay; clipboard-write; encrypted-media; gyroscope; picture-in-picture; web-share\" referrerpolicy=\"strict-origin-when-cross-origin\" allowfullscreen><\/iframe>\n<\/div><\/figure>\n<\/div>\n","protected":false},"excerpt":{"rendered":"<p>Gu\u00eda tutorial para todos Tus retos en las redes sociales Tareas Descubre los conceptos b\u00e1sicos de Fanpage Karma o ampl\u00eda [&hellip;]<\/p>\n","protected":false},"author":1,"featured_media":0,"parent":0,"menu_order":0,"comment_status":"closed","ping_status":"closed","template":"","meta":{"_uag_custom_page_level_css":"","site-sidebar-layout":"no-sidebar","site-content-layout":"","ast-site-content-layout":"default","site-content-style":"default","site-sidebar-style":"default","ast-global-header-display":"","ast-banner-title-visibility":"","ast-main-header-display":"","ast-hfb-above-header-display":"","ast-hfb-below-header-display":"","ast-hfb-mobile-header-display":"","site-post-title":"disabled","ast-breadcrumbs-content":"","ast-featured-img":"","footer-sml-layout":"","ast-disable-related-posts":"","theme-transparent-header-meta":"","adv-header-id-meta":"","stick-header-meta":"","header-above-stick-meta":"","header-main-stick-meta":"","header-below-stick-meta":"","astra-migrate-meta-layouts":"default","ast-page-background-enabled":"default","ast-page-background-meta":{"desktop":{"background-color":"var(--ast-global-color-4)","background-image":"","background-repeat":"repeat","background-position":"center center","background-size":"auto","background-attachment":"scroll","background-type":"","background-media":"","overlay-type":"","overlay-color":"","overlay-opacity":"","overlay-gradient":""},"tablet":{"background-color":"","background-image":"","background-repeat":"repeat","background-position":"center center","background-size":"auto","background-attachment":"scroll","background-type":"","background-media":"","overlay-type":"","overlay-color":"","overlay-opacity":"","overlay-gradient":""},"mobile":{"background-color":"","background-image":"","background-repeat":"repeat","background-position":"center center","background-size":"auto","background-attachment":"scroll","background-type":"","background-media":"","overlay-type":"","overlay-color":"","overlay-opacity":"","overlay-gradient":""}},"ast-content-background-meta":{"desktop":{"background-color":"var(--ast-global-color-5)","background-image":"","background-repeat":"repeat","background-position":"center center","background-size":"auto","background-attachment":"scroll","background-type":"","background-media":"","overlay-type":"","overlay-color":"","overlay-opacity":"","overlay-gradient":""},"tablet":{"background-color":"var(--ast-global-color-5)","background-image":"","background-repeat":"repeat","background-position":"center center","background-size":"auto","background-attachment":"scroll","background-type":"","background-media":"","overlay-type":"","overlay-color":"","overlay-opacity":"","overlay-gradient":""},"mobile":{"background-color":"var(--ast-global-color-5)","background-image":"","background-repeat":"repeat","background-position":"center center","background-size":"auto","background-attachment":"scroll","background-type":"","background-media":"","overlay-type":"","overlay-color":"","overlay-opacity":"","overlay-gradient":""}},"footnotes":""},"categories":[],"class_list":["post-256","page","type-page","status-publish","hentry"],"lang":"es","translations":{"es":256,"en":232,"de":38},"uagb_featured_image_src":{"full":false,"thumbnail":false,"medium":false,"medium_large":false,"large":false,"1536x1536":false,"2048x2048":false},"uagb_author_info":{"display_name":"admin","author_link":"https:\/\/www.fanpagekarma.com\/academy\/author\/admin\/"},"uagb_comment_info":0,"uagb_excerpt":"Gu\u00eda tutorial para todos Tus retos en las redes sociales Tareas Descubre los conceptos b\u00e1sicos de Fanpage Karma o ampl\u00eda [&hellip;]","pll_sync_post":[],"_links":{"self":[{"href":"https:\/\/www.fanpagekarma.com\/academy\/wp-json\/wp\/v2\/pages\/256","targetHints":{"allow":["GET"]}}],"collection":[{"href":"https:\/\/www.fanpagekarma.com\/academy\/wp-json\/wp\/v2\/pages"}],"about":[{"href":"https:\/\/www.fanpagekarma.com\/academy\/wp-json\/wp\/v2\/types\/page"}],"author":[{"embeddable":true,"href":"https:\/\/www.fanpagekarma.com\/academy\/wp-json\/wp\/v2\/users\/1"}],"replies":[{"embeddable":true,"href":"https:\/\/www.fanpagekarma.com\/academy\/wp-json\/wp\/v2\/comments?post=256"}],"version-history":[{"count":13,"href":"https:\/\/www.fanpagekarma.com\/academy\/wp-json\/wp\/v2\/pages\/256\/revisions"}],"predecessor-version":[{"id":1646,"href":"https:\/\/www.fanpagekarma.com\/academy\/wp-json\/wp\/v2\/pages\/256\/revisions\/1646"}],"wp:attachment":[{"href":"https:\/\/www.fanpagekarma.com\/academy\/wp-json\/wp\/v2\/media?parent=256"}],"wp:term":[{"taxonomy":"category","embeddable":true,"href":"https:\/\/www.fanpagekarma.com\/academy\/wp-json\/wp\/v2\/categories?post=256"}],"curies":[{"name":"wp","href":"https:\/\/api.w.org\/{rel}","templated":true}]}}